{"id":86,"date":"2012-07-31T02:17:58","date_gmt":"2012-07-31T00:17:58","guid":{"rendered":"https:\/\/avada.theme-fusion.com\/?page_id=86"},"modified":"2017-09-26T14:26:06","modified_gmt":"2017-09-26T12:26:06","slug":"contact","status":"publish","type":"page","link":"https:\/\/sosanimauxfrance.org\/?page_id=86","title":{"rendered":"Contact"},"content":{"rendered":"<p><div class=\"fusion-fullwidth fullwidth-box fusion-builder-row-1 nonhundred-percent-fullwidth non-hundred-percent-height-scrolling\" style=\"--awb-border-radius-top-left:0px;--awb-border-radius-top-right:0px;--awb-border-radius-bottom-right:0px;--awb-border-radius-bottom-left:0px;--awb-padding-top:20px;--awb-padding-bottom:20px;\" ><div class=\"fusion-builder-row fusion-row\"><div class=\"fusion-layout-column fusion_builder_column fusion-builder-column-0 fusion_builder_column_1_1 1_1 fusion-one-full fusion-column-first fusion-column-last\" style=\"--awb-bg-size:cover;\"><div class=\"fusion-column-wrapper fusion-flex-column-wrapper-legacy\"><div class=\"fusion-title title fusion-title-1 fusion-title-text fusion-title-size-two\"><h2 class=\"title-heading-left fusion-responsive-typography-calculated\" style=\"margin:0;--fontSize:25;line-height:1.5;\">Contactez-nous, soutenez-nous<\/h2><span class=\"awb-title-spacer\"><\/span><div class=\"title-sep-container\"><div class=\"title-sep sep-double sep-solid\" style=\"border-color:#e0dede;\"><\/div><\/div><\/div><div class=\"fusion-text fusion-text-1\"><p>Ce site a \u00e9t\u00e9 voulu et con\u00e7u par l\u2019<a href=\"http:\/\/antac-europe.org\/\">ANTAC<\/a> \u2013 Association Nationale contre le Trafic d\u2019Animaux de Compagnie et la <a href=\"http:\/\/vaspa.fr\">VASPA<\/a> \u2013 Vrais Amis de la SPA et leur Pr\u00e9sident, Henri Barbe. Il a pour but de faire conna\u00eetre au plus grand nombre les d\u00e9rives de la Protection Animale. Depuis 1991, nous agissons par tous les moyens l\u00e9gaux \u00e0 notre disposition : information des victimes, enqu\u00eates sur sites, articles de presse, p\u00e9titions,\u00a0 manifestations, contribution aux travaux des parlementaires, actions en justice&#8230;<\/p>\n<\/div><div class=\"fusion-clearfix\"><\/div><\/div><\/div><\/div><\/div><div class=\"fusion-fullwidth fullwidth-box fusion-builder-row-2 nonhundred-percent-fullwidth non-hundred-percent-height-scrolling\" style=\"--awb-border-radius-top-left:0px;--awb-border-radius-top-right:0px;--awb-border-radius-bottom-right:0px;--awb-border-radius-bottom-left:0px;--awb-padding-top:20px;--awb-padding-bottom:20px;\" ><div class=\"fusion-builder-row fusion-row\"><div class=\"fusion-layout-column fusion_builder_column fusion-builder-column-1 fusion_builder_column_1_3 1_3 fusion-one-third fusion-column-first\" style=\"--awb-bg-size:cover;width:33.333333333333%;width:calc(33.333333333333% - ( ( 4% + 4% ) * 0.33333333333333 ) );margin-right: 4%;\"><div class=\"fusion-column-wrapper fusion-flex-column-wrapper-legacy\"><div class=\"fusion-image-element in-legacy-container\"><span class=\" fusion-imageframe imageframe-none imageframe-1 hover-type-none fusion-animated\" data-animationType=\"bounceInLeft\" data-animationDuration=\"0.3\" data-animationOffset=\"top-into-view\"><a href=\"\/\/sosanimauxfrance.org\/wp-content\/uploads\/2012\/07\/bb-hb.jpg\" class=\"fusion-lightbox\" data-rel=\"iLightbox[44bba3bf0dbd3f63b58]\" title=\"bb-hb\"><img decoding=\"async\" width=\"300\" height=\"202\" src=\"\/\/sosanimauxfrance.org\/wp-content\/uploads\/2012\/07\/bb-hb-300x202.jpg\" alt class=\"img-responsive wp-image-12157\" srcset=\"https:\/\/sosanimauxfrance.org\/wp-content\/uploads\/2012\/07\/bb-hb-200x134.jpg 200w, https:\/\/sosanimauxfrance.org\/wp-content\/uploads\/2012\/07\/bb-hb-400x269.jpg 400w, https:\/\/sosanimauxfrance.org\/wp-content\/uploads\/2012\/07\/bb-hb-600x403.jpg 600w, https:\/\/sosanimauxfrance.org\/wp-content\/uploads\/2012\/07\/bb-hb-800x538.jpg 800w, https:\/\/sosanimauxfrance.org\/wp-content\/uploads\/2012\/07\/bb-hb.jpg 900w\" sizes=\"(max-width: 800px) 100vw, 400px\" \/><\/a><\/span><\/div><div class=\"fusion-text fusion-text-2\"><p><small>Remise d\u2019une p\u00e9tition de 80 000 signatures, par Brigitte Bardot et Henri Barbe, au Ministre de l\u2019Agriculture, Philippe Vasseur, le 12 octobre 1995<\/small><\/p>\n<\/div><div class=\"fusion-clearfix\"><\/div><\/div><\/div><div class=\"fusion-layout-column fusion_builder_column fusion-builder-column-2 fusion_builder_column_1_3 1_3 fusion-one-third\" style=\"--awb-bg-size:cover;width:33.333333333333%;width:calc(33.333333333333% - ( ( 4% + 4% ) * 0.33333333333333 ) );margin-right: 4%;\"><div class=\"fusion-column-wrapper fusion-flex-column-wrapper-legacy\"><div class=\"fusion-image-element in-legacy-container\"><span class=\" fusion-imageframe imageframe-none imageframe-2 hover-type-none fusion-animated\" data-animationType=\"bounceInLeft\" data-animationDuration=\"0.3\" data-animationOffset=\"top-into-view\"><a href=\"\/\/sosanimauxfrance.org\/wp-content\/uploads\/2012\/07\/an-hb.png\" class=\"fusion-lightbox\" data-rel=\"iLightbox[3740f68d6fe6cc1f250]\" title=\"an-hb\"><img decoding=\"async\" width=\"272\" height=\"300\" src=\"\/\/sosanimauxfrance.org\/wp-content\/uploads\/2012\/07\/an-hb-272x300.png\" alt class=\"img-responsive wp-image-12156\" srcset=\"https:\/\/sosanimauxfrance.org\/wp-content\/uploads\/2012\/07\/an-hb-200x220.png 200w, https:\/\/sosanimauxfrance.org\/wp-content\/uploads\/2012\/07\/an-hb-400x440.png 400w, https:\/\/sosanimauxfrance.org\/wp-content\/uploads\/2012\/07\/an-hb-600x661.png 600w, https:\/\/sosanimauxfrance.org\/wp-content\/uploads\/2012\/07\/an-hb-800x881.png 800w, https:\/\/sosanimauxfrance.org\/wp-content\/uploads\/2012\/07\/an-hb.png 900w\" sizes=\"(max-width: 800px) 100vw, 400px\" \/><\/a><\/span><\/div><div class=\"fusion-text fusion-text-3\"><p><small>L\u2019ANTAC consult\u00e9 par la D\u00e9put\u00e9e Genevi\u00e8ve Gaillard, pour le Rapport d\u2019information relatif \u00e0 \u00ab l\u2019identification des chiens et chats, leur commercialisation et l\u2019approvisionnement des centres d\u2019exp\u00e9rimentation \u00bb du 12 d\u00e9cembre 2001<\/small><\/p>\n<\/div><div class=\"fusion-clearfix\"><\/div><\/div><\/div><div class=\"fusion-layout-column fusion_builder_column fusion-builder-column-3 fusion_builder_column_1_3 1_3 fusion-one-third fusion-column-last\" style=\"--awb-bg-size:cover;width:33.333333333333%;width:calc(33.333333333333% - ( ( 4% + 4% ) * 0.33333333333333 ) );\"><div class=\"fusion-column-wrapper fusion-flex-column-wrapper-legacy\"><div class=\"fusion-image-element in-legacy-container\"><span class=\" fusion-imageframe imageframe-none imageframe-3 hover-type-none fusion-animated\" data-animationType=\"bounceInLeft\" data-animationDuration=\"0.3\" data-animationOffset=\"top-into-view\"><a href=\"\/\/sosanimauxfrance.org\/wp-content\/uploads\/2012\/07\/article-hb.jpg\" class=\"fusion-lightbox\" data-rel=\"iLightbox[0f0c71fb674eb31955a]\" title=\"article-hb\"><img decoding=\"async\" width=\"300\" height=\"267\" src=\"\/\/sosanimauxfrance.org\/wp-content\/uploads\/2012\/07\/article-hb-e1505377856647-300x267.jpg\" alt class=\"img-responsive wp-image-12155\" srcset=\"https:\/\/sosanimauxfrance.org\/wp-content\/uploads\/2012\/07\/article-hb-e1505377856647-200x178.jpg 200w, https:\/\/sosanimauxfrance.org\/wp-content\/uploads\/2012\/07\/article-hb-e1505377856647-400x356.jpg 400w, https:\/\/sosanimauxfrance.org\/wp-content\/uploads\/2012\/07\/article-hb-e1505377856647-600x534.jpg 600w, https:\/\/sosanimauxfrance.org\/wp-content\/uploads\/2012\/07\/article-hb-e1505377856647-800x713.jpg 800w, https:\/\/sosanimauxfrance.org\/wp-content\/uploads\/2012\/07\/article-hb-e1505377856647-1200x1069.jpg 1200w, https:\/\/sosanimauxfrance.org\/wp-content\/uploads\/2012\/07\/article-hb-e1505377856647.jpg 1300w\" sizes=\"(max-width: 800px) 100vw, 300px\" \/><\/a><\/span><\/div><div class=\"fusion-text fusion-text-4\"><p><small>Article paru dans le quotidien Sud-Ouest du 29 avril 2013<\/small><\/p>\n<\/div><div class=\"fusion-clearfix\"><\/div><\/div><\/div><\/div><\/div><div class=\"fusion-fullwidth fullwidth-box fusion-builder-row-3 nonhundred-percent-fullwidth non-hundred-percent-height-scrolling\" style=\"--awb-border-radius-top-left:0px;--awb-border-radius-top-right:0px;--awb-border-radius-bottom-right:0px;--awb-border-radius-bottom-left:0px;--awb-padding-top:20px;--awb-padding-bottom:20px;\" ><div class=\"fusion-builder-row fusion-row\"><div class=\"fusion-layout-column fusion_builder_column fusion-builder-column-4 fusion_builder_column_1_1 1_1 fusion-one-full fusion-column-first fusion-column-last\" style=\"--awb-bg-size:cover;\"><div class=\"fusion-column-wrapper fusion-flex-column-wrapper-legacy\"><div class=\"fusion-title title fusion-title-2 fusion-title-text fusion-title-size-two\"><h2 class=\"title-heading-left fusion-responsive-typography-calculated\" style=\"margin:0;--fontSize:25;line-height:1.5;\"><p>Nous avons besoin de vos informations<br \/>\nNous serons heureux de recevoir vos commentaires et suggestions<\/p><\/h2><span class=\"awb-title-spacer\"><\/span><div class=\"title-sep-container\"><div class=\"title-sep sep-double sep-solid\" style=\"border-color:#e0dede;\"><\/div><\/div><\/div><div class=\"fusion-clearfix\"><\/div><\/div><\/div><div class=\"fusion-layout-column fusion_builder_column fusion-builder-column-5 fusion_builder_column_1_2 1_2 fusion-one-half fusion-column-first\" style=\"--awb-bg-size:cover;width:50%;width:calc(50% - ( ( 4% ) * 0.5 ) );margin-right: 4%;\"><div class=\"fusion-column-wrapper fusion-flex-column-wrapper-legacy\"><div class=\"fusion-text fusion-text-5\"><p>Vous \u00eates victime du vol de votre compagnon \u00e0 quatre pattes, on a tent\u00e9 de vous vendre un animal dont l\u2019origine vous semble suspecte, vous \u00eates t\u00e9moin d\u2019une malversation ou d\u2019une maltraitance&#8230;<\/p>\n<p>CONTACTEZ-NOUS, PREVENEZ-NOUS !<\/p>\n<p><strong>Notre adresse postale :<\/strong><\/p>\n<p style=\"padding-left: 30px;\">ANTAC-EUROPE<br \/>\nB.P. 243 &#8211; 47006 AGEN<br \/>\nCEDEX<\/p>\n<p><strong>Par email :<\/strong><\/p>\n<p style=\"padding-left: 30px;\">contact@sosanimauxfrance.org<\/p>\n<\/div><div class=\"fusion-clearfix\"><\/div><\/div><\/div><div class=\"fusion-layout-column fusion_builder_column fusion-builder-column-6 fusion_builder_column_1_2 1_2 fusion-one-half fusion-column-last\" style=\"--awb-bg-size:cover;width:50%;width:calc(50% - ( ( 4% ) * 0.5 ) );\"><div class=\"fusion-column-wrapper fusion-flex-column-wrapper-legacy\"><div class=\"fusion-text fusion-text-6\">\n<div class=\"wpcf7 no-js\" id=\"wpcf7-f12167-o1\" lang=\"fr-FR\" dir=\"ltr\" data-wpcf7-id=\"12167\">\n<div class=\"screen-reader-response\"><p role=\"status\" aria-live=\"polite\" aria-atomic=\"true\"><\/p> <ul><\/ul><\/div>\n<form action=\"\/index.php?rest_route=%2Fwp%2Fv2%2Fpages%2F86#wpcf7-f12167-o1\" method=\"post\" class=\"wpcf7-form init\" aria-label=\"Formulaire de contact\" novalidate=\"novalidate\" data-status=\"init\">\n<div style=\"display: none;\">\n<input type=\"hidden\" name=\"_wpcf7\" value=\"12167\" \/>\n<input type=\"hidden\" name=\"_wpcf7_version\" value=\"6.0.5\" \/>\n<input type=\"hidden\" name=\"_wpcf7_locale\" value=\"fr_FR\" \/>\n<input type=\"hidden\" name=\"_wpcf7_unit_tag\" value=\"wpcf7-f12167-o1\" \/>\n<input type=\"hidden\" name=\"_wpcf7_container_post\" value=\"0\" \/>\n<input type=\"hidden\" name=\"_wpcf7_posted_data_hash\" value=\"\" \/>\n<\/div>\n<p><label> Votre nom (obligatoire)<br \/>\n<span class=\"wpcf7-form-control-wrap\" data-name=\"your-name\"><input size=\"40\" maxlength=\"400\" class=\"wpcf7-form-control wpcf7-text wpcf7-validates-as-required\" aria-required=\"true\" aria-invalid=\"false\" value=\"\" type=\"text\" name=\"your-name\" \/><\/span> <\/label>\n<\/p>\n<p><label> Votre e-mail (obligatoire)<br \/>\n<span class=\"wpcf7-form-control-wrap\" data-name=\"your-email\"><input size=\"40\" maxlength=\"400\" class=\"wpcf7-form-control wpcf7-email wpcf7-validates-as-required wpcf7-text wpcf7-validates-as-email\" aria-required=\"true\" aria-invalid=\"false\" value=\"\" type=\"email\" name=\"your-email\" \/><\/span> <\/label>\n<\/p>\n<p><label> Sujet<br \/>\n<span class=\"wpcf7-form-control-wrap\" data-name=\"your-subject\"><input size=\"40\" maxlength=\"400\" class=\"wpcf7-form-control wpcf7-text\" aria-invalid=\"false\" value=\"\" type=\"text\" name=\"your-subject\" \/><\/span> <\/label>\n<\/p>\n<p><label> Votre message<br \/>\n<span class=\"wpcf7-form-control-wrap\" data-name=\"your-message\"><textarea cols=\"40\" rows=\"10\" maxlength=\"2000\" class=\"wpcf7-form-control wpcf7-textarea\" aria-invalid=\"false\" name=\"your-message\"><\/textarea><\/span> <\/label>\n<\/p>\n<p><input class=\"wpcf7-form-control wpcf7-submit has-spinner\" type=\"submit\" value=\"Envoyer\" \/>\n<\/p><div class=\"fusion-alert alert custom alert-custom fusion-alert-center wpcf7-response-output alert-dismissable\" style=\"--awb-border-size:1px;\" role=\"alert\"><div class=\"fusion-alert-content-wrapper\"><span class=\"fusion-alert-content\"><\/span><\/div><button type=\"button\" class=\"close toggle-alert\" data-dismiss=\"alert\" aria-label=\"Close\">&times;<\/button><\/div>\n<\/form>\n<\/div>\n\n<\/div><div class=\"fusion-clearfix\"><\/div><\/div><\/div><\/div><\/div><div class=\"fusion-fullwidth fullwidth-box fusion-builder-row-4 nonhundred-percent-fullwidth non-hundred-percent-height-scrolling\" style=\"--awb-border-radius-top-left:0px;--awb-border-radius-top-right:0px;--awb-border-radius-bottom-right:0px;--awb-border-radius-bottom-left:0px;--awb-padding-top:20px;--awb-padding-bottom:20px;\" ><div class=\"fusion-builder-row fusion-row\"><div class=\"fusion-layout-column fusion_builder_column fusion-builder-column-7 fusion_builder_column_1_1 1_1 fusion-one-full fusion-column-first fusion-column-last\" style=\"--awb-bg-size:cover;\"><div class=\"fusion-column-wrapper fusion-flex-column-wrapper-legacy\"><div class=\"fusion-title title fusion-title-3 fusion-title-text fusion-title-size-two\"><h2 class=\"title-heading-left fusion-responsive-typography-calculated\" style=\"margin:0;--fontSize:25;line-height:1.5;\">Nous avons besoin de votre soutien financier<\/h2><span class=\"awb-title-spacer\"><\/span><div class=\"title-sep-container\"><div class=\"title-sep sep-double sep-solid\" style=\"border-color:#e0dede;\"><\/div><\/div><\/div><div class=\"fusion-text fusion-text-7\"><p><strong>Disponibilit\u00e9, combativit\u00e9, patience, nous en disposons toujours. Par contre, les enqu\u00eates s\u00e9rieuses et l\u2019action judiciaire co\u00fbtent cher.<\/strong><\/p>\n<\/div><div class=\"fusion-clearfix\"><\/div><\/div><\/div><div class=\"fusion-layout-column fusion_builder_column fusion-builder-column-8 fusion_builder_column_1_2 1_2 fusion-one-half fusion-column-first\" style=\"--awb-bg-size:cover;width:50%;width:calc(50% - ( ( 4% ) * 0.5 ) );margin-right: 4%;\"><div class=\"fusion-column-wrapper fusion-flex-column-wrapper-legacy\"><div class=\"fusion-alignleft\"><a class=\"fusion-button button-3d button-xlarge button-darkgreen fusion-button-darkgreen button-1 fusion-button-default-span \" target=\"_self\" href=\"https:\/\/sosanimauxfrance.org\/wp-content\/uploads\/2017\/09\/formulaire-paiement-par-ch\u00e8que.pdf\"><i class=\" fa fa-pencil-square button-icon-left\" aria-hidden=\"true\"><\/i><span class=\"fusion-button-text\">Faire un don par ch\u00e8que<\/span><\/a><\/div><div class=\"fusion-clearfix\"><\/div><\/div><\/div><div class=\"fusion-layout-column fusion_builder_column fusion-builder-column-9 fusion_builder_column_1_2 1_2 fusion-one-half fusion-column-last\" style=\"--awb-bg-size:cover;width:50%;width:calc(50% - ( ( 4% ) * 0.5 ) );\"><div class=\"fusion-column-wrapper fusion-flex-column-wrapper-legacy\"><div class=\"fusion-text fusion-text-8\"><form style=\"margin-top: -13px\" action=\"https:\/\/www.paypal.com\/cgi-bin\/webscr\" method=\"post\" target=\"_top\"><input name=\"cmd\" type=\"hidden\" value=\"_s-xclick\" \/><br \/>\n<input name=\"hosted_button_id\" type=\"hidden\" value=\"KPAMBC9EJMESA\" \/><br \/>\n<input alt=\"PayPal, le r\u00e9flexe s\u00e9curit\u00e9 pour payer en ligne\" name=\"submit\" src=\"\/\/sosanimauxfrance.org\/wp-content\/uploads\/2017\/09\/dons-antac.png\" type=\"image\" \/><br \/>\n<img decoding=\"async\" style=\"display: none !important;\" hidden=\"\" src=\"https:\/\/www.paypalobjects.com\/fr_FR\/i\/scr\/pixel.gif\" alt=\"\" width=\"1\" height=\"1\" border=\"0\" \/><\/form>\n<\/div><div class=\"fusion-clearfix\"><\/div><\/div><\/div><\/div><\/div><\/p>\n","protected":false},"excerpt":{"rendered":"","protected":false},"author":1,"featured_media":0,"parent":0,"menu_order":200,"comment_status":"closed","ping_status":"closed","template":"100-width.php","meta":{"footnotes":""},"class_list":["post-86","page","type-page","status-publish","hentry"],"_links":{"self":[{"href":"https:\/\/sosanimauxfrance.org\/index.php?rest_route=\/wp\/v2\/pages\/86","targetHints":{"allow":["GET"]}}],"collection":[{"href":"https:\/\/sosanimauxfrance.org\/index.php?rest_route=\/wp\/v2\/pages"}],"about":[{"href":"https:\/\/sosanimauxfrance.org\/index.php?rest_route=\/wp\/v2\/types\/page"}],"author":[{"embeddable":true,"href":"https:\/\/sosanimauxfrance.org\/index.php?rest_route=\/wp\/v2\/users\/1"}],"replies":[{"embeddable":true,"href":"https:\/\/sosanimauxfrance.org\/index.php?rest_route=%2Fwp%2Fv2%2Fcomments&post=86"}],"version-history":[{"count":26,"href":"https:\/\/sosanimauxfrance.org\/index.php?rest_route=\/wp\/v2\/pages\/86\/revisions"}],"predecessor-version":[{"id":12188,"href":"https:\/\/sosanimauxfrance.org\/index.php?rest_route=\/wp\/v2\/pages\/86\/revisions\/12188"}],"wp:attachment":[{"href":"https:\/\/sosanimauxfrance.org\/index.php?rest_route=%2Fwp%2Fv2%2Fmedia&parent=86"}],"curies":[{"name":"wp","href":"https:\/\/api.w.org\/{rel}","templated":true}]}}