{"id":12087,"date":"2017-09-06T20:01:18","date_gmt":"2017-09-06T18:01:18","guid":{"rendered":"https:\/\/sosanimauxfrance.org\/?page_id=12087"},"modified":"2017-10-02T18:34:19","modified_gmt":"2017-10-02T16:34:19","slug":"des-fourrieres-tres-opaques-2","status":"publish","type":"page","link":"https:\/\/sosanimauxfrance.org\/?page_id=12087","title":{"rendered":"Nos propositions"},"content":{"rendered":"<p><div class=\"fusion-fullwidth fullwidth-box fusion-builder-row-1 hundred-percent-fullwidth non-hundred-percent-height-scrolling\" style=\"--awb-border-radius-top-left:0px;--awb-border-radius-top-right:0px;--awb-border-radius-bottom-right:0px;--awb-border-radius-bottom-left:0px;--awb-overflow:visible;\" ><div class=\"fusion-builder-row fusion-row\"><div class=\"fusion-layout-column fusion_builder_column fusion-builder-column-0 fusion_builder_column_1_1 1_1 fusion-one-full fusion-column-first fusion-column-last fusion-column-no-min-height\" style=\"--awb-bg-size:cover;--awb-margin-top:0px;--awb-margin-bottom:0px;\"><div class=\"fusion-column-wrapper fusion-flex-column-wrapper-legacy\"><div class=\"fusion-text fusion-text-1\"><p><img decoding=\"async\" class=\"alignnone wp-image-12110 size-full\" src=\"\/\/sosanimauxfrance.org\/wp-content\/uploads\/2017\/09\/chiot1.jpg\" alt=\"\" width=\"767\" height=\"366\" srcset=\"https:\/\/sosanimauxfrance.org\/wp-content\/uploads\/2017\/09\/chiot1-200x95.jpg 200w, https:\/\/sosanimauxfrance.org\/wp-content\/uploads\/2017\/09\/chiot1-300x143.jpg 300w, https:\/\/sosanimauxfrance.org\/wp-content\/uploads\/2017\/09\/chiot1-400x191.jpg 400w, https:\/\/sosanimauxfrance.org\/wp-content\/uploads\/2017\/09\/chiot1-600x286.jpg 600w, https:\/\/sosanimauxfrance.org\/wp-content\/uploads\/2017\/09\/chiot1.jpg 767w\" sizes=\"(max-width: 767px) 100vw, 767px\" \/><\/p>\n<\/div><div class=\"fusion-sep-clear\"><\/div><div class=\"fusion-separator fusion-full-width-sep\" style=\"margin-left: auto;margin-right: auto;margin-top:10px;margin-bottom:10px;width:100%;\"><\/div><div class=\"fusion-sep-clear\"><\/div><div class=\"fusion-clearfix\"><\/div><\/div><\/div><div class=\"fusion-layout-column fusion_builder_column fusion-builder-column-1 fusion_builder_column_1_1 1_1 fusion-one-full fusion-column-first fusion-column-last fusion-column-no-min-height\" style=\"--awb-bg-size:cover;--awb-margin-top:0px;--awb-margin-bottom:0px;\"><div class=\"fusion-column-wrapper fusion-flex-column-wrapper-legacy\"><div class=\"fusion-title title fusion-title-1 fusion-title-text fusion-title-size-two\"><h2 class=\"title-heading-left fusion-responsive-typography-calculated\" style=\"margin:0;--fontSize:25;line-height:1.5;\">Appliquer les lois et la r\u00e9glementation existantes<\/h2><span class=\"awb-title-spacer\"><\/span><div class=\"title-sep-container\"><div class=\"title-sep sep-double sep-solid\" style=\"border-color:#e0dede;\"><\/div><\/div><\/div><div class=\"fusion-text fusion-text-2\"><p>Dans sa r\u00e9ponse au Magazine T\u00e9l\u00e9 Star, le candidat Macron, devenu depuis Pr\u00e9sident de la R\u00e9publique, a r\u00e9pondu concernant le trafic d&rsquo;animaux\u00a0:<\/p>\n<blockquote>\n<p>\u00ab\u00a0L&rsquo;ordonnance du 7 octobre 2015 doit \u00eatre pleinement appliqu\u00e9e. Il importe de renforcer les contr\u00f4les douaniers aux fronti\u00e8res pour d\u00e9manteler les r\u00e9seaux de trafics ill\u00e9gaux d&rsquo;animaux de compagnie et d&rsquo;appuyer l&rsquo;action des ONG qui oeuvrent \u00e0 la d\u00e9tection d&rsquo;\u00e9levages sauvages d&rsquo;animaux domestiques o\u00f9 les conditions inflig\u00e9es aux animaux sont insoutenables.\u00a0\u00bb<\/p>\n<\/blockquote>\n<p>Nous nous f\u00e9licitons de cette volont\u00e9 affich\u00e9e de mettre fin aux trafics d&rsquo;animaux mais nous sommes particuli\u00e8rement sceptiques sur les solutions envisag\u00e9es selon l&rsquo;ordonnance du 7 octobre 2015 car il n&rsquo;y a plus v\u00e9ritablement de contr\u00f4les douaniers aux fronti\u00e8res pour de multiples raisons car contraires \u00e0 la libre circulation des capitaux, des hommes et des marchandises.<\/p>\n<p><strong>Par contre il suffit d&rsquo;appliquer les articles L.215-9 et L.215-10 du Code Rural et retirer la qualit\u00e9 d&rsquo;OP\u00c9RATEUR aux criminels trafiquants.<\/strong><\/p>\n<p>Malheureusement, ces articles n&rsquo;ont jamais \u00e9t\u00e9 utilis\u00e9s par les diff\u00e9rents Ministres de l&rsquo;Agriculture depuis plus de 30 ans, \u00e0 cause d&rsquo;un laxisme g\u00e9n\u00e9ralis\u00e9.<\/p>\n<p>Il faut donc esp\u00e9rer que le nouveau Pr\u00e9sident de la R\u00e9publique demande tout simplement \u00e0 ses ministres et \u00e0 l&rsquo;administration fran\u00e7aise d&rsquo;appliquer les lois existantes.<\/p>\n<\/div><div class=\"fusion-clearfix\"><\/div><\/div><\/div><div class=\"fusion-layout-column fusion_builder_column fusion-builder-column-2 fusion_builder_column_1_1 1_1 fusion-one-full fusion-column-first fusion-column-last fusion-column-no-min-height\" style=\"--awb-bg-size:cover;--awb-margin-top:0px;--awb-margin-bottom:0px;\"><div class=\"fusion-column-wrapper fusion-flex-column-wrapper-legacy\"><div class=\"fusion-title title fusion-title-2 fusion-title-text fusion-title-size-two\"><h2 class=\"title-heading-left fusion-responsive-typography-calculated\" style=\"margin:0;--fontSize:25;line-height:1.5;\">Redonner le pouvoir aux adh\u00e9rents des associations<\/h2><span class=\"awb-title-spacer\"><\/span><div class=\"title-sep-container\"><div class=\"title-sep sep-double sep-solid\" style=\"border-color:#e0dede;\"><\/div><\/div><\/div><div class=\"fusion-text fusion-text-3\"><p>A partir du moment o\u00f9 les adh\u00e9rents n\u2019ont pas acc\u00e8s aux informations essentielles, il est bien \u00e9vident qu\u2019ils ne peuvent pas se prononcer valablement sur le fonctionnement de leur association.<\/p>\n<p>Ce n\u2019est pas la convocation d\u2019une Assembl\u00e9e G\u00e9n\u00e9rale annuelle qui est garante d\u2019un fonctionnement d\u00e9mocratique d\u2019une association. Si \u00e0 cette A.G. les dirigeants pr\u00e9sentent des comptes \u2013 certes certifi\u00e9s par les commissaires aux comptes \u2013 mais que les adh\u00e9rents ne peuvent rien v\u00e9rifier, ils sont manipul\u00e9s de fait et les majorit\u00e9s sont des majorit\u00e9s comparables \u00e0 celles des pays totalitaires, c\u2019est-\u00e0-dire comprises entre 95 et 98%.<\/p>\n<p><strong>La d\u00e9mocratie ne peut passer que par une information honn\u00eate et v\u00e9rifi\u00e9e.<\/strong><\/p>\n<\/div><div class=\"fusion-clearfix\"><\/div><\/div><\/div><\/div><\/div><div class=\"fusion-fullwidth fullwidth-box fusion-builder-row-2 nonhundred-percent-fullwidth non-hundred-percent-height-scrolling\" style=\"--awb-border-radius-top-left:0px;--awb-border-radius-top-right:0px;--awb-border-radius-bottom-right:0px;--awb-border-radius-bottom-left:0px;--awb-padding-top:20px;--awb-padding-bottom:20px;\" ><div class=\"fusion-builder-row fusion-row\"><div class=\"fusion-layout-column fusion_builder_column fusion-builder-column-3 fusion_builder_column_1_1 1_1 fusion-one-full fusion-column-first fusion-column-last\" style=\"--awb-bg-size:cover;\"><div class=\"fusion-column-wrapper fusion-flex-column-wrapper-legacy\"><div class=\"fusion-title title fusion-title-3 fusion-title-text fusion-title-size-two\"><h2 class=\"title-heading-left fusion-responsive-typography-calculated\" style=\"margin:0;--fontSize:25;line-height:1.5;\">La justice\u00a0: une priorit\u00e9<\/h2><span class=\"awb-title-spacer\"><\/span><div class=\"title-sep-container\"><div class=\"title-sep sep-double sep-solid\" style=\"border-color:#e0dede;\"><\/div><\/div><\/div><div class=\"fusion-title title fusion-title-4 fusion-title-text fusion-title-size-three\"><h3 class=\"title-heading-left fusion-responsive-typography-calculated\" style=\"margin:0;--fontSize:17;--minFontSize:17;line-height:1.41;\">La faillite actuelle de la JUSTICE<\/h3><span class=\"awb-title-spacer\"><\/span><div class=\"title-sep-container\"><div class=\"title-sep sep-double sep-solid\" style=\"border-color:#e0dede;\"><\/div><\/div><\/div><div class=\"fusion-text fusion-text-4\"><p>Dans l\u2019entretien accord\u00e9 au Journal du Dimanche du 03 avril 2016, le Ministre de la Justice, Jean-Jacques Urvoas fait une excellente analyse de la situation de la justice fran\u00e7aise du XXI\u00e8me si\u00e8cle que l\u2019ANTAC partage totalement.<\/p>\n<p>Nous avons l\u00e0 une excellente base de travail car malheureusement ce constat nous le faisons tous les jours.<\/p>\n<p>Reprenons mot pour mot une partie de cet excellent entretien\u00a0:<\/p>\n<blockquote>\n<p>\u00ab\u00a0<strong>Vous \u00eates garde des Sceaux depuis deux mois et la d\u00e9mission de Christiane Taubira. Quel est votre constat\u00a0?<\/strong><\/p>\n<p>Dans un souci de v\u00e9rit\u00e9 et de transparence, il faut reconna\u00eetre que la justice est \u00e0 bout de souffle. Le minist\u00e8re n\u2019a plus les moyens de payer ses factures. D\u2019ailleurs, la direction de l\u2019administration p\u00e9nitentiaire a 36 millions d\u2019euros de factures impay\u00e9es pour des hospitalisations de d\u00e9tenus. Voil\u00e0 la r\u00e9alit\u00e9. Celle d\u2019une vraie situation de sinistre. C\u2019est la surprise la plus forte depuis que j\u2019exerce ces responsabilit\u00e9s. Quand je suis arriv\u00e9, j\u2019avais dit que la justice \u00e9tait au bord de l\u2019embolie. Depuis que je pousse la porte des juridictions, je dis plut\u00f4t qu\u2019elle est sinistr\u00e9e\u2026 En \u00e9tat d\u2019urgence absolue, comme disent les m\u00e9decins. Le syst\u00e8me tourne encore uniquement gr\u00e2ce au d\u00e9vouement admirable de tous ceux qui servent dans cette administration.\u00a0\u00bb<\/p>\n<\/blockquote>\n<p>Tous les Fran\u00e7ais honn\u00eates ont bien constat\u00e9 que la justice ne fonctionne plus de fa\u00e7on satisfaisante et qu\u2019elle s\u00e9lectionne les dossiers qu\u2019elle traite, car plus de 80% des plaintes sont class\u00e9es sans suite\u00a0: c\u2019est la solution de facilit\u00e9.<\/p>\n<p>Mais tout ceci n\u2019est pas \u00e9tonnant quand l\u2019on sait que l\u2019Allemagne consacre 114 euros par an et par habitant au budget de la Justice, l\u2019Angleterre 96 euros, la Belgique 89 euros et l\u2019Italie 77 euros. La France n\u2019atteint que 61 euros. Donc quand le Ministre a propos\u00e9 une hausse de 1,3% c\u2019\u00e9tait RIDICULE et en aucun cas \u00e0 la hauteur des besoins.<\/p>\n<\/div><div class=\"fusion-title title fusion-title-5 fusion-title-text fusion-title-size-three\"><h3 class=\"title-heading-left fusion-responsive-typography-calculated\" style=\"margin:0;--fontSize:17;--minFontSize:17;line-height:1.41;\">Justice : doubler le budget<\/h3><span class=\"awb-title-spacer\"><\/span><div class=\"title-sep-container\"><div class=\"title-sep sep-double sep-solid\" style=\"border-color:#e0dede;\"><\/div><\/div><\/div><div class=\"fusion-text fusion-text-5\"><p>Malheureusement il est totalement inutile que le Parlement vote des lois qui ne seront pas appliqu\u00e9es par manque de fonctionnaires, de locaux ou de cr\u00e9dits etc.\u2026<\/p>\n<p>Pour avoir une justice digne de ce nom, il faut prendre exemple sur les pays voisins et notamment l\u2019Allemagne.<\/p>\n<p>Or cela ne peut passer que par un doublement du budget de la Justice. Bien \u00e9videmment il faut \u00eatre tr\u00e8s r\u00e9aliste et consid\u00e9rer que cela doit \u00eatre envisag\u00e9 de fa\u00e7on \u00e9chelonn\u00e9e dans le temps. Comme le budget actuel est d\u2019environ 8 milliards d\u2019euros, cela signifie que l\u2019on devrait passer \u00e0 16 milliards en 5 ans, soit une augmentation annuelle de 1,6 milliards.<\/p>\n<p>Doubler le budget de la justice, c\u2019est simplement atteindre 16 milliards d\u2019euros par an. Or que repr\u00e9sente cette somme dans le P.I.B. fran\u00e7ais actuel\u00a0? Pas grand-chose.<\/p>\n<p>Comment financer ces 8 milliards, Bien entendu il n\u2019est pas question d\u2019augmenter les imp\u00f4ts qui sont d\u00e9j\u00e0 injustement r\u00e9partis, mais tout simplement de combattre avec la derni\u00e8re \u00e9nergie l\u2019\u00e9vasion fiscale qui co\u00fbte \u00e0 la France entre 40 et m\u00eame 80 milliards par an, selon Ma\u00eetre Karsenti, l\u2019avocat d\u2019Anticor qui y ajoute le co\u00fbt de la corruption.<\/p>\n<p>Donc 8 milliards suppl\u00e9mentaires pour financer la justice, c\u2019est une goutte d\u2019eau dans l\u2019oc\u00e9an de l\u2019\u00e9vasion fiscale que les Fran\u00e7ais connaissent mieux maintenant gr\u00e2ce au scandale des \u00ab\u00a0Panama Papers\u00a0\u00bb.<\/p>\n<p>Certes une \u00ab\u00a0cellule de r\u00e9gularisation\u00a0\u00bb pour les d\u00e9tenteurs d\u2019avoirs non-d\u00e9clar\u00e9s \u00e0 l\u2019\u00e9tranger a \u00e9t\u00e9 mise en place au 17-19, place de l\u2019Argonne, dans le 19\u00e8me arrondissement de Paris, mais elle manque cruellement de moyens humains.<\/p>\n<p>Si autour de 40 000 dossiers de r\u00e9gularisation ont \u00e9t\u00e9 d\u00e9pos\u00e9s, un certain nombre d\u2019ann\u00e9es va s\u2019\u00e9couler avant qu\u2019ils ne soient tous trait\u00e9s. L\u00e0 encore un d\u00e9calage existe entre les grandes d\u00e9clarations de lutte contre la fraude fiscale et les moyens humains et mat\u00e9riels affect\u00e9s. Donc pour financer le doublement du budget de la justice, il manque 2 choses\u00a0: <strong>la volont\u00e9 politique et la prise de conscience des citoyens de ce pays.<\/strong><\/p>\n<\/div><div class=\"fusion-clearfix\"><\/div><\/div><\/div><\/div><\/div><\/p>\n","protected":false},"excerpt":{"rendered":"","protected":false},"author":1,"featured_media":0,"parent":11977,"menu_order":70,"comment_status":"closed","ping_status":"closed","template":"side-navigation.php","meta":{"footnotes":""},"class_list":["post-12087","page","type-page","status-publish","hentry"],"_links":{"self":[{"href":"https:\/\/sosanimauxfrance.org\/index.php?rest_route=\/wp\/v2\/pages\/12087","targetHints":{"allow":["GET"]}}],"collection":[{"href":"https:\/\/sosanimauxfrance.org\/index.php?rest_route=\/wp\/v2\/pages"}],"about":[{"href":"https:\/\/sosanimauxfrance.org\/index.php?rest_route=\/wp\/v2\/types\/page"}],"author":[{"embeddable":true,"href":"https:\/\/sosanimauxfrance.org\/index.php?rest_route=\/wp\/v2\/users\/1"}],"replies":[{"embeddable":true,"href":"https:\/\/sosanimauxfrance.org\/index.php?rest_route=%2Fwp%2Fv2%2Fcomments&post=12087"}],"version-history":[{"count":4,"href":"https:\/\/sosanimauxfrance.org\/index.php?rest_route=\/wp\/v2\/pages\/12087\/revisions"}],"predecessor-version":[{"id":12194,"href":"https:\/\/sosanimauxfrance.org\/index.php?rest_route=\/wp\/v2\/pages\/12087\/revisions\/12194"}],"up":[{"embeddable":true,"href":"https:\/\/sosanimauxfrance.org\/index.php?rest_route=\/wp\/v2\/pages\/11977"}],"wp:attachment":[{"href":"https:\/\/sosanimauxfrance.org\/index.php?rest_route=%2Fwp%2Fv2%2Fmedia&parent=12087"}],"curies":[{"name":"wp","href":"https:\/\/api.w.org\/{rel}","templated":true}]}}