{"id":12084,"date":"2017-09-06T19:56:18","date_gmt":"2017-09-06T17:56:18","guid":{"rendered":"https:\/\/sosanimauxfrance.org\/?page_id=12084"},"modified":"2017-09-14T10:02:51","modified_gmt":"2017-09-14T08:02:51","slug":"anne-meaux-la-femme-aux-manteaux-de-fourrure-payes-avec-largent-de-la-spa","status":"publish","type":"page","link":"https:\/\/sosanimauxfrance.org\/?page_id=12084","title":{"rendered":"Anne MEAUX, la femme aux manteaux de fourrure\u2026 pay\u00e9s avec l\u2019argent de la SPA"},"content":{"rendered":"<div class=\"fusion-fullwidth fullwidth-box fusion-builder-row-1 hundred-percent-fullwidth non-hundred-percent-height-scrolling\" style=\"--awb-border-radius-top-left:0px;--awb-border-radius-top-right:0px;--awb-border-radius-bottom-right:0px;--awb-border-radius-bottom-left:0px;--awb-overflow:visible;\" ><div class=\"fusion-builder-row fusion-row\"><div class=\"fusion-layout-column fusion_builder_column fusion-builder-column-0 fusion_builder_column_1_1 1_1 fusion-one-full fusion-column-first fusion-column-last fusion-column-no-min-height\" style=\"--awb-bg-size:cover;--awb-margin-top:0px;--awb-margin-bottom:0px;\"><div class=\"fusion-column-wrapper fusion-flex-column-wrapper-legacy\"><div class=\"fusion-text fusion-text-1\"><p><img decoding=\"async\" class=\"alignright size-full wp-image-12107\" src=\"\/\/sosanimauxfrance.org\/wp-content\/uploads\/2017\/09\/anne-meaux.jpg\" alt=\"\" width=\"534\" height=\"267\" srcset=\"https:\/\/sosanimauxfrance.org\/wp-content\/uploads\/2017\/09\/anne-meaux-200x100.jpg 200w, https:\/\/sosanimauxfrance.org\/wp-content\/uploads\/2017\/09\/anne-meaux-300x150.jpg 300w, https:\/\/sosanimauxfrance.org\/wp-content\/uploads\/2017\/09\/anne-meaux-400x200.jpg 400w, https:\/\/sosanimauxfrance.org\/wp-content\/uploads\/2017\/09\/anne-meaux.jpg 534w\" sizes=\"(max-width: 534px) 100vw, 534px\" \/>Au printemps 2017, une personnalit\u00e9 de la sph\u00e8re m\u00e9diatique a le vent en poupe\u00a0: Anne MEAUX a la t\u00eate de la soci\u00e9t\u00e9 de communication Image 7 qui a le privil\u00e8ge de conseiller le candidat aux \u00e9lections pr\u00e9sidentielles Fran\u00e7ois FILLON mis en examen (donc pr\u00e9sum\u00e9 innocent) ainsi que sa femme P\u00e9n\u00e9lope.<\/p>\n<p>Certes Anne doit travailler \u00e0 plein temps pour Saint Fran\u00e7ois FILLON mis en cause de toutes parts. Mais Anne est une redoutable communicante avec une grande exp\u00e9rience puisqu\u2019elle conseille aussi bien des banques (comme la Soci\u00e9t\u00e9 G\u00e9n\u00e9rale emp\u00eatr\u00e9e dans l\u2019affaire Kerviel) que d\u2019autres entreprises du CAC40 comme PSA, Bouygues, Casino, Lagard\u00e8re etc.\u2026 Mais elle se pr\u00e9tend amie de Laurence Parisot qu\u2019elle a \u00e9galement brief\u00e9e pour conserver la t\u00eate du MEDEF.<\/p>\n<p>Mais redoutable stakhanoviste elle peut \u00e9galement s\u2019occuper de la com de la SPA pour la modique somme mensuelle de 8.400\u20ac. Mais comme Sainte Anne aime bien parader, l\u2019hiver elle se croit oblig\u00e9e de se prot\u00e9ger des grands froids gr\u00e2ce \u00e0 des manteaux de fourrure\u2026 pay\u00e9s en partie avec les honoraires de la SPA du Boulevard Berthier \u00e0 Paris.<\/p>\n<p>Comme d\u2019habitude c\u2019est le double langage avec d\u2019un c\u00f4t\u00e9 la d\u00e9nonciation de l\u2019utilisation de la fourrure, et d\u2019un autre c\u00f4t\u00e9 le choix d\u2019une communicante de crise paradant en manteau de fourrure\u00a0!<\/p>\n<p>Dieu reconnaitra les siens et les vrais amis des animaux\u00a0!<\/p>\n<\/div><div class=\"fusion-alignright\"><a class=\"fusion-button button-flat fusion-button-default-size button-default fusion-button-default button-1 fusion-button-default-span fusion-button-default-type\" target=\"_self\" href=\"\/\/sosanimauxfrance.org\/?page_id=12087\"><span class=\"fusion-button-text fusion-button-text-right\">D\u00e9couvrez nos propositions<\/span><span class=\"fusion-button-icon-divider button-icon-divider-right\"><i class=\" fa fa-chevron-right\" aria-hidden=\"true\"><\/i><\/span><\/a><\/div><div class=\"fusion-clearfix\"><\/div><\/div><\/div><\/div><\/div>\n","protected":false},"excerpt":{"rendered":"","protected":false},"author":1,"featured_media":0,"parent":11977,"menu_order":60,"comment_status":"closed","ping_status":"closed","template":"side-navigation.php","meta":{"footnotes":""},"class_list":["post-12084","page","type-page","status-publish","hentry"],"_links":{"self":[{"href":"https:\/\/sosanimauxfrance.org\/index.php?rest_route=\/wp\/v2\/pages\/12084","targetHints":{"allow":["GET"]}}],"collection":[{"href":"https:\/\/sosanimauxfrance.org\/index.php?rest_route=\/wp\/v2\/pages"}],"about":[{"href":"https:\/\/sosanimauxfrance.org\/index.php?rest_route=\/wp\/v2\/types\/page"}],"author":[{"embeddable":true,"href":"https:\/\/sosanimauxfrance.org\/index.php?rest_route=\/wp\/v2\/users\/1"}],"replies":[{"embeddable":true,"href":"https:\/\/sosanimauxfrance.org\/index.php?rest_route=%2Fwp%2Fv2%2Fcomments&post=12084"}],"version-history":[{"count":7,"href":"https:\/\/sosanimauxfrance.org\/index.php?rest_route=\/wp\/v2\/pages\/12084\/revisions"}],"predecessor-version":[{"id":12153,"href":"https:\/\/sosanimauxfrance.org\/index.php?rest_route=\/wp\/v2\/pages\/12084\/revisions\/12153"}],"up":[{"embeddable":true,"href":"https:\/\/sosanimauxfrance.org\/index.php?rest_route=\/wp\/v2\/pages\/11977"}],"wp:attachment":[{"href":"https:\/\/sosanimauxfrance.org\/index.php?rest_route=%2Fwp%2Fv2%2Fmedia&parent=12084"}],"curies":[{"name":"wp","href":"https:\/\/api.w.org\/{rel}","templated":true}]}}