{"id":11983,"date":"2017-02-21T23:03:54","date_gmt":"2017-02-21T22:03:54","guid":{"rendered":"http:\/\/sosanimauxfrance.org\/?page_id=11983"},"modified":"2017-09-19T08:45:03","modified_gmt":"2017-09-19T06:45:03","slug":"des-fourrieres-tres-opaques","status":"publish","type":"page","link":"https:\/\/sosanimauxfrance.org\/?page_id=11983","title":{"rendered":"Des fourri\u00e8res tr\u00e8s opaques"},"content":{"rendered":"<div class=\"fusion-fullwidth fullwidth-box fusion-builder-row-1 hundred-percent-fullwidth non-hundred-percent-height-scrolling\" style=\"--awb-border-radius-top-left:0px;--awb-border-radius-top-right:0px;--awb-border-radius-bottom-right:0px;--awb-border-radius-bottom-left:0px;--awb-overflow:visible;\" ><div class=\"fusion-builder-row fusion-row\"><div class=\"fusion-layout-column fusion_builder_column fusion-builder-column-0 fusion_builder_column_1_1 1_1 fusion-one-full fusion-column-first fusion-column-last fusion-column-no-min-height\" style=\"--awb-bg-size:cover;--awb-margin-top:0px;--awb-margin-bottom:0px;\"><div class=\"fusion-column-wrapper fusion-flex-column-wrapper-legacy\"><div class=\"fusion-text fusion-text-1\"><p><img decoding=\"async\" class=\"alignnone wp-image-12111 size-full\" src=\"\/\/sosanimauxfrance.org\/wp-content\/uploads\/2017\/09\/chiot2.jpg\" alt=\"\" width=\"767\" height=\"564\" srcset=\"https:\/\/sosanimauxfrance.org\/wp-content\/uploads\/2017\/09\/chiot2-200x147.jpg 200w, https:\/\/sosanimauxfrance.org\/wp-content\/uploads\/2017\/09\/chiot2-300x221.jpg 300w, https:\/\/sosanimauxfrance.org\/wp-content\/uploads\/2017\/09\/chiot2-400x294.jpg 400w, https:\/\/sosanimauxfrance.org\/wp-content\/uploads\/2017\/09\/chiot2-600x441.jpg 600w, https:\/\/sosanimauxfrance.org\/wp-content\/uploads\/2017\/09\/chiot2.jpg 767w\" sizes=\"(max-width: 767px) 100vw, 767px\" \/><\/p>\n<\/div><div class=\"fusion-sep-clear\"><\/div><div class=\"fusion-separator fusion-full-width-sep\" style=\"margin-left: auto;margin-right: auto;margin-top:10px;margin-bottom:10px;width:100%;\"><\/div><div class=\"fusion-sep-clear\"><\/div><div class=\"fusion-clearfix\"><\/div><\/div><\/div><div class=\"fusion-layout-column fusion_builder_column fusion-builder-column-1 fusion_builder_column_1_1 1_1 fusion-one-full fusion-column-first fusion-column-last fusion-column-no-min-height\" style=\"--awb-bg-size:cover;--awb-margin-top:0px;--awb-margin-bottom:0px;\"><div class=\"fusion-column-wrapper fusion-flex-column-wrapper-legacy\"><div class=\"fusion-text fusion-text-2\"><p>D\u2019apr\u00e8s la note de service de la DGAL du 29 janvier 2013 (dont nous leur laissons l\u2019enti\u00e8re responsabilit\u00e9), dans un certain nombre de d\u00e9partements fran\u00e7ais, la totalit\u00e9 des communes sont sans fourri\u00e8re.<\/p>\n<p>Si pour la CORSE personne ne sera surpris, c\u2019est quand m\u00eame plus \u00e9tonnant pour le 94 (VAL DE MARNE) ou encore pour le 48 (LOZERE). Maintenant nous sommes \u00e9galement proches de z\u00e9ro dans la CREUSE ou les ARDENNES, d\u00e9partements ruraux par excellence.<\/p>\n<p>Nous avons donc interrog\u00e9 la totalit\u00e9 des DDPP. En fonction des r\u00e9ponses qui nous ont \u00e9t\u00e9 fournies, nous avons constat\u00e9 qu\u2019il y a un certain nombre de d\u00e9partements avec une seule fourri\u00e8re pour g\u00e9rer la totalit\u00e9 des animaux perdus du d\u00e9partement :<\/p>\n<blockquote>\n<ul>\n<li>28 &#8211; EURE ET LOIR \u2013 GESTION CONSEIL GENERAL<\/li>\n<li>47 &#8211; LOT ET GARONNE \u2013 S.I.V.U<\/li>\n<li>58 &#8211; NIEVRE \u2013 SPA DE THIERNAY<\/li>\n<li>90 &#8211; TERRITOIRE BELFORT \u2013 CONSEIL GENERAL<\/li>\n<li>92 &#8211; HAUTS DE SEINE \u2013 SACPA GENNEVILLIERS<\/li>\n<\/ul>\n<\/blockquote>\n<p>25 DDPP nous ont r\u00e9pondu le plus souvent fort aimablement par \u00e9crit, et 2 par t\u00e9l\u00e9phone comme par exemple la CORSE montrant par l\u00e0 qu\u2019il y a des fonctionnaires soucieux du service public et de l\u2019int\u00e9r\u00eat g\u00e9n\u00e9ral. Nous ne pouvons que les en remercier.<\/p>\n<p>Certes leurs informations \u00e9taient plus ou moins pr\u00e9cises, mais il n\u2019y a que quelques DDPP qui ont montr\u00e9 qu\u2019elles se pr\u00e9occupaient du nombre d\u2019entr\u00e9es de chiens et de chats dans les fourri\u00e8res qu\u2019elles sont cens\u00e9es contr\u00f4ler. Ce qui est tout \u00e0 fait surprenant.<\/p>\n<p>Donc en <strong>France<\/strong> au 21<sup>\u00e8me<\/sup> si\u00e8cle, le Minist\u00e8re de l\u2019Agriculture ne dispose d\u2019aucune statistique concernant le nombre de chiens et de chats entrant dans les fourri\u00e8res, et leur devenir.<\/p>\n<p>Plusieurs num\u00e9ros du Courrier de l\u2019ANTAC ont mis en \u00e9vidence<strong> l\u2019opacit\u00e9 organis\u00e9e \u00e0 tous les niveaux, en particulier \u00e0 celui du Minist\u00e8re de l\u2019Agriculture<\/strong>, mais avec la bienveillante compr\u00e9hension de la protection animale fran\u00e7aise.<\/p>\n<p>Certes pour l\u2019approvisionnement des labos il est possible de comprendre les difficult\u00e9s d\u2019acc\u00e9der \u00e0 l\u2019information, par contre pour les fourri\u00e8res les conditions sont totalement diff\u00e9rentes car il s\u2019agit d\u2019une d\u00e9l\u00e9gation de service public avec financement des contribuables (pr\u00e8s de 1 euro par habitant) et ces \u00e9tablissements ont une adresse connue o\u00f9 les particuliers devraient pouvoir acc\u00e9der pour rechercher leurs animaux disparus.<\/p>\n<p>Gr\u00e2ce au questionnaire envoy\u00e9 le 15 mars 2014 au 95 DDPP, \u00e0 leurs 27 r\u00e9ponses (\u00e9crites ou orales), aux 23 non-r\u00e9ponses, \u00e0 une communication t\u00e9l\u00e9phonique avec la DGAL et \u00e0 d\u2019autres informations diverses, une conclusion s\u2019impose.<\/p>\n<p>Le minist\u00e8re organise sciemment l\u2019opacit\u00e9 et l\u2019ignorance que nous venons de constater. Ce n\u2019est pas \u00e9tonnant car deux des fonctionnaires cit\u00e9s dans le livre \u00ab\u00a0<strong>Trafiquants de chiens<\/strong>\u00a0\u00bb de 1996 (document 2 et 13) connus comme ayant favoris\u00e9 l\u2019approvisionnement des laboratoires en chiens vol\u00e9s ont eu de l\u2019avancement et occupent des fonctions de responsabilit\u00e9 au niveau du Minist\u00e8re de l\u2019Agriculture. Quelle belle carri\u00e8re\u00a0: en 1990 ils ignoraient la r\u00e9glementation qu\u2019ils \u00e9taient charg\u00e9s de faire appliquer, en 2017 ils sont toujours aussi ignorants et peu curieux\u00a0!<\/p>\n<p>Chaque <strong>Fran\u00e7ais<\/strong> paie en moyenne presque 1 euro par an (y compris les nourrissons recens\u00e9s) pour le fonctionnement des fourri\u00e8res. Mais pour ce prix-l\u00e0, il n\u2019a le droit qu\u2019\u00e0 l\u2019ignorance. C\u2019est proprement scandaleux ! Bien \u00e9videmment si on ne demande pas aux DDPP de contr\u00f4ler les registres d\u2019entr\u00e9es et de sorties, rares sont celles qui vont en prendre spontan\u00e9ment l\u2019initiative. Donc les responsables de cette situation sont \u00e0 rechercher \u00e0 tous les niveaux, mais surtout au niveau du Minist\u00e8re de l\u2019Agriculture. Mais un Ministre passe, et le temps qu\u2019il soit r\u00e9ellement au courant des dossiers il est remplac\u00e9. Donc de fait cette politique est d\u00e9termin\u00e9e par les hauts fonctionnaires du Minist\u00e8re, lesquels sont tr\u00e8s sensibles \u00e0 un certain nombre de lobbies divers (groupes de pression plus ou moins clandestins mais bien organis\u00e9s).<\/p>\n<p>Mais comme la quasi-totalit\u00e9 de la protection animale fran\u00e7aise ne veut \u00e9galement rien savoir, la BOUCLE EST BOUCL\u00c9E.<\/p>\n<p>Donc <b>l\u2019opacit\u00e9 organis\u00e9e<\/b> au niveau national concernant les fourri\u00e8res permet toutes les d\u00e9rives, y compris l\u2019approvisionnement de certains laboratoires en chiens et en chats vol\u00e9s.<\/p>\n<p>Le syst\u00e8me est parfait, et l\u2019adh\u00e9rent d\u2019une SPA verse gentiment son argent \u00e0 une association de protection animale qui ne veut rien savoir et ne va demander de comptes \u00e0 personne.<\/p>\n<p>Or tout ceci se passe en <strong>France<\/strong> actuellement.<\/p>\n<p>Les <strong>Fran\u00e7ais<\/strong> ont entendu et compris qu\u2019il est particuli\u00e8rement difficile de lutter contre les paradis fiscaux car ils sont plus ou moins loin, situ\u00e9s dans des pays \u00e9trangers avec une l\u00e9gislation opaque. Conclusion : l\u2019ETAT ne peut pas faire grand-chose sinon augmenter les imp\u00f4ts pour compenser l\u2019\u00e9vasion fiscale.<\/p>\n<p><b>Mais pour les fourri\u00e8res, nous sommes sur le territoire fran\u00e7ais, avec une l\u00e9gislation fran\u00e7aise et une r\u00e9glementation fran\u00e7aise. Malheureusement un certain nombre de responsables y ont ajout\u00e9 l\u2019opacit\u00e9 Fran\u00e7aise.<\/b><\/p>\n<\/div><div class=\"fusion-clearfix\"><\/div><\/div><\/div><div class=\"fusion-layout-column fusion_builder_column fusion-builder-column-2 fusion_builder_column_1_1 1_1 fusion-one-full fusion-column-first fusion-column-last fusion-column-no-min-height\" style=\"--awb-bg-size:cover;--awb-margin-top:0px;--awb-margin-bottom:0px;\"><div class=\"fusion-column-wrapper fusion-flex-column-wrapper-legacy\"><div class=\"fusion-alignright\"><a class=\"fusion-button button-flat fusion-button-default-size button-default fusion-button-default button-1 fusion-button-default-span fusion-button-default-type\" target=\"_self\" href=\"\/\/sosanimauxfrance.org\/?page_id=11985\"><i class=\" fa fa-chevron-right button-icon-left\" aria-hidden=\"true\"><\/i><span class=\"fusion-button-text\">Lire la suite \u00ab\u00a0Le pillage ancien, permanent et impuni du milieu associatif\u00a0\u00bb<\/span><\/a><\/div><div class=\"fusion-clearfix\"><\/div><\/div><\/div><\/div><\/div>\n","protected":false},"excerpt":{"rendered":"","protected":false},"author":1,"featured_media":0,"parent":11977,"menu_order":40,"comment_status":"closed","ping_status":"closed","template":"side-navigation.php","meta":{"footnotes":""},"class_list":["post-11983","page","type-page","status-publish","hentry"],"_links":{"self":[{"href":"https:\/\/sosanimauxfrance.org\/index.php?rest_route=\/wp\/v2\/pages\/11983","targetHints":{"allow":["GET"]}}],"collection":[{"href":"https:\/\/sosanimauxfrance.org\/index.php?rest_route=\/wp\/v2\/pages"}],"about":[{"href":"https:\/\/sosanimauxfrance.org\/index.php?rest_route=\/wp\/v2\/types\/page"}],"author":[{"embeddable":true,"href":"https:\/\/sosanimauxfrance.org\/index.php?rest_route=\/wp\/v2\/users\/1"}],"replies":[{"embeddable":true,"href":"https:\/\/sosanimauxfrance.org\/index.php?rest_route=%2Fwp%2Fv2%2Fcomments&post=11983"}],"version-history":[{"count":9,"href":"https:\/\/sosanimauxfrance.org\/index.php?rest_route=\/wp\/v2\/pages\/11983\/revisions"}],"predecessor-version":[{"id":12175,"href":"https:\/\/sosanimauxfrance.org\/index.php?rest_route=\/wp\/v2\/pages\/11983\/revisions\/12175"}],"up":[{"embeddable":true,"href":"https:\/\/sosanimauxfrance.org\/index.php?rest_route=\/wp\/v2\/pages\/11977"}],"wp:attachment":[{"href":"https:\/\/sosanimauxfrance.org\/index.php?rest_route=%2Fwp%2Fv2%2Fmedia&parent=11983"}],"curies":[{"name":"wp","href":"https:\/\/api.w.org\/{rel}","templated":true}]}}