{"id":11977,"date":"2017-02-21T23:00:44","date_gmt":"2017-02-21T22:00:44","guid":{"rendered":"http:\/\/sosanimauxfrance.org\/?page_id=11977"},"modified":"2017-10-01T21:21:48","modified_gmt":"2017-10-01T19:21:48","slug":"pourquoi","status":"publish","type":"page","link":"https:\/\/sosanimauxfrance.org\/?page_id=11977","title":{"rendered":"Pourquoi ce site ?"},"content":{"rendered":"<p><div class=\"fusion-fullwidth fullwidth-box fusion-builder-row-1 hundred-percent-fullwidth non-hundred-percent-height-scrolling\" style=\"--awb-border-radius-top-left:0px;--awb-border-radius-top-right:0px;--awb-border-radius-bottom-right:0px;--awb-border-radius-bottom-left:0px;--awb-overflow:visible;\" ><div class=\"fusion-builder-row fusion-row\"><div class=\"fusion-layout-column fusion_builder_column fusion-builder-column-0 fusion_builder_column_1_1 1_1 fusion-one-full fusion-column-first fusion-column-last fusion-column-no-min-height\" style=\"--awb-bg-size:cover;--awb-margin-top:0px;--awb-margin-bottom:0px;\"><div class=\"fusion-column-wrapper fusion-flex-column-wrapper-legacy\"><div class=\"fusion-text fusion-text-1\"><p><img decoding=\"async\" class=\"wp-image-12145 size-full aligncenter\" src=\"\/\/sosanimauxfrance.org\/wp-content\/uploads\/2017\/02\/chiots-sable-1.jpg\" alt=\"\" width=\"800\" height=\"520\" srcset=\"https:\/\/sosanimauxfrance.org\/wp-content\/uploads\/2017\/02\/chiots-sable-1-200x130.jpg 200w, https:\/\/sosanimauxfrance.org\/wp-content\/uploads\/2017\/02\/chiots-sable-1-300x195.jpg 300w, https:\/\/sosanimauxfrance.org\/wp-content\/uploads\/2017\/02\/chiots-sable-1-400x260.jpg 400w, https:\/\/sosanimauxfrance.org\/wp-content\/uploads\/2017\/02\/chiots-sable-1-600x390.jpg 600w, https:\/\/sosanimauxfrance.org\/wp-content\/uploads\/2017\/02\/chiots-sable-1-768x499.jpg 768w, https:\/\/sosanimauxfrance.org\/wp-content\/uploads\/2017\/02\/chiots-sable-1.jpg 800w\" sizes=\"(max-width: 800px) 100vw, 800px\" \/><\/p>\n<\/div><div class=\"fusion-sep-clear\"><\/div><div class=\"fusion-separator fusion-full-width-sep\" style=\"margin-left: auto;margin-right: auto;margin-top:10px;margin-bottom:10px;width:100%;\"><\/div><div class=\"fusion-sep-clear\"><\/div><div class=\"fusion-clearfix\"><\/div><\/div><\/div><div class=\"fusion-layout-column fusion_builder_column fusion-builder-column-1 fusion_builder_column_1_1 1_1 fusion-one-full fusion-column-first fusion-column-last fusion-column-no-min-height\" style=\"--awb-bg-size:cover;--awb-margin-top:0px;--awb-margin-bottom:0px;\"><div class=\"fusion-column-wrapper fusion-flex-column-wrapper-legacy\"><div class=\"fusion-text fusion-text-2\"><p><strong>Avertissement au lecteur\u00a0: sachez que le monde actuel est devenu d\u2019une complexit\u00e9 exceptionnelle. Aussi ce site va vous d\u00e9voiler ce que les escrocs de tous poils veulent absolument vous cacher.<\/strong><\/p>\n<p>Comment se fait-il que des dizaines de milliers de chiens et de chats soient vol\u00e9s chaque ann\u00e9e et que jamais le moindre voleur ne soit condamn\u00e9\u00a0?<\/p>\n<p>Comment des dizaines de milliers de chiots d\u2019Europe de l\u2019Est peuvent-ils entrer en France chaque ann\u00e9e en toute ill\u00e9galit\u00e9 sous l\u2019\u0153il bienveillant des autorit\u00e9s et de la quasi-totalit\u00e9 des associations de protection animale financ\u00e9es par des na\u00effs\u00a0?<\/p>\n<p>L\u00e0 ce ne sont pas la CIA ou le KGB qui sont \u00e0 la man\u0153uvre, mais de \u00ab\u00a0bons Fran\u00e7ais\u00a0\u00bb bien de chez nous\u00a0!<\/p>\n<p>Au printemps \u00e9lectoral 2017, les citoyens fran\u00e7ais, apparemment m\u00e9contents pour de nombreuses raisons, ont balay\u00e9 : 2 Pr\u00e9sidents de la R\u00e9publique (Nicolas Sarkozy et Fran\u00e7ois Hollande) et 3 anciens Premiers Ministres (Alain Jupp\u00e9, Fran\u00e7ois Fillon et Manuel Vals). Ce qui a entra\u00een\u00e9 l&rsquo;\u00e9lection, le 7 mai, d&rsquo;un nouveau Pr\u00e9sident de la R\u00e9publique, Emmanuel Macron et la formation d&rsquo;un nouveau gouvernement nomm\u00e9 le 16 mai 2017. Malheureusement l&rsquo;Histoire nous a appris que l&rsquo;alternance qui a r\u00e9gn\u00e9 en France depuis des d\u00e9cennies n&rsquo;a r\u00e9gl\u00e9 aucun des probl\u00e8mes pos\u00e9s pour une raison tr\u00e8s simple. L&rsquo;exp\u00e9rience prouve en effet que le plus difficile <strong>n&rsquo;est pas de changer les hommes mais de changer de politique.<\/strong><\/p>\n<p>C&rsquo;est la raison pour laquelle ce site, m\u00eame s&rsquo;il est essentiellement consacr\u00e9 \u00e0 la protection animale, va proposer dans plusieurs secteurs de nouvelles politiques bas\u00e9es sur la r\u00e9alit\u00e9 et une r\u00e9flexion approfondie destin\u00e9e \u00e0 am\u00e9liorer la situation, en souhaitant que les citoyens s&rsquo;en emparent ainsi que tous les \u00e9lus de juin 2017.<\/p>\n<p>D\u00e9couvrez ci-dessous les diff\u00e9rents chapitres pour y voir plus clair sur la situation :<\/p>\n<ul>\n<li><a href=\"\/\/sosanimauxfrance.org\/?page_id=11803\">Stop \u00e0 l&rsquo;ignorance, oui \u00e0 la transparence<\/a><\/li>\n<li><a href=\"\/\/sosanimauxfrance.org\/?page_id=11955\">Le vol des chiens et des chats en France et ses mystifications<\/a><\/li>\n<li><a href=\"\/\/sosanimauxfrance.org\/?page_id=11966\">Un trafic ill\u00e9gal, dangereux et absurde<\/a><\/li>\n<li><a href=\"\/\/sosanimauxfrance.org\/?page_id=11983\">Des fourri\u00e8res tr\u00e8s opaques<\/a><\/li>\n<li><a href=\"\/\/sosanimauxfrance.org\/?page_id=11985\">Le pillage ancien, permanent et impuni du milieu associatif<\/a><\/li>\n<li><a href=\"\/\/sosanimauxfrance.org\/?page_id=12084\">Anne MEAUX, la femme aux manteaux de fourrure\u2026 pay\u00e9s avec l\u2019argent de la SPA<\/a><\/li>\n<li><a href=\"\/\/sosanimauxfrance.org\/?page_id=12087\">Nos propositions<\/a><\/li>\n<\/ul>\n<\/div><div class=\"fusion-alignright\"><a class=\"fusion-button button-flat fusion-button-default-size button-default fusion-button-default button-1 fusion-button-default-span fusion-button-default-type\" target=\"_self\" href=\"\/\/sosanimauxfrance.org\/?page_id=11803\"><span class=\"fusion-button-text fusion-button-text-right\">Lire la suite \u00ab\u00a0STOP \u00e0 l\u2019ignorance, OUI \u00e0 la transparence\u00a0\u00bb<\/span><span class=\"fusion-button-icon-divider button-icon-divider-right\"><i class=\" fa fa-chevron-right\" aria-hidden=\"true\"><\/i><\/span><\/a><\/div><div class=\"fusion-clearfix\"><\/div><\/div><\/div><\/div><\/div><div class=\"fusion-fullwidth fullwidth-box fusion-builder-row-2 nonhundred-percent-fullwidth non-hundred-percent-height-scrolling\" style=\"--awb-border-radius-top-left:0px;--awb-border-radius-top-right:0px;--awb-border-radius-bottom-right:0px;--awb-border-radius-bottom-left:0px;--awb-padding-top:20px;--awb-padding-bottom:20px;\" ><div class=\"fusion-builder-row fusion-row\"><div class=\"fusion-layout-column fusion_builder_column fusion-builder-column-2 fusion_builder_column_1_4 1_4 fusion-one-fourth fusion-column-first\" style=\"--awb-bg-size:cover;width:25%;width:calc(25% - ( ( 4% + 4% + 4% ) * 0.25 ) );margin-right: 4%;\"><div class=\"fusion-column-wrapper fusion-flex-column-wrapper-legacy\"><div class=\"fusion-clearfix\"><\/div><\/div><\/div><div class=\"fusion-layout-column fusion_builder_column fusion-builder-column-3 fusion_builder_column_1_4 1_4 fusion-one-fourth\" style=\"--awb-bg-size:cover;width:25%;width:calc(25% - ( ( 4% + 4% + 4% ) * 0.25 ) );margin-right: 4%;\"><div class=\"fusion-column-wrapper fusion-flex-column-wrapper-legacy\"><div class=\"fusion-clearfix\"><\/div><\/div><\/div><div class=\"fusion-layout-column fusion_builder_column fusion-builder-column-4 fusion_builder_column_1_4 1_4 fusion-one-fourth\" style=\"--awb-bg-size:cover;width:25%;width:calc(25% - ( ( 4% + 4% + 4% ) * 0.25 ) );margin-right: 4%;\"><div class=\"fusion-column-wrapper fusion-flex-column-wrapper-legacy\"><div class=\"fusion-clearfix\"><\/div><\/div><\/div><div class=\"fusion-layout-column fusion_builder_column fusion-builder-column-5 fusion_builder_column_1_4 1_4 fusion-one-fourth fusion-column-last\" style=\"--awb-bg-size:cover;width:25%;width:calc(25% - ( ( 4% + 4% + 4% ) * 0.25 ) );\"><div class=\"fusion-column-wrapper fusion-flex-column-wrapper-legacy\"><div class=\"fusion-clearfix\"><\/div><\/div><\/div><\/div><\/div><\/p>\n","protected":false},"excerpt":{"rendered":"","protected":false},"author":1,"featured_media":0,"parent":0,"menu_order":10,"comment_status":"closed","ping_status":"closed","template":"side-navigation.php","meta":{"footnotes":""},"class_list":["post-11977","page","type-page","status-publish","hentry"],"_links":{"self":[{"href":"https:\/\/sosanimauxfrance.org\/index.php?rest_route=\/wp\/v2\/pages\/11977","targetHints":{"allow":["GET"]}}],"collection":[{"href":"https:\/\/sosanimauxfrance.org\/index.php?rest_route=\/wp\/v2\/pages"}],"about":[{"href":"https:\/\/sosanimauxfrance.org\/index.php?rest_route=\/wp\/v2\/types\/page"}],"author":[{"embeddable":true,"href":"https:\/\/sosanimauxfrance.org\/index.php?rest_route=\/wp\/v2\/users\/1"}],"replies":[{"embeddable":true,"href":"https:\/\/sosanimauxfrance.org\/index.php?rest_route=%2Fwp%2Fv2%2Fcomments&post=11977"}],"version-history":[{"count":16,"href":"https:\/\/sosanimauxfrance.org\/index.php?rest_route=\/wp\/v2\/pages\/11977\/revisions"}],"predecessor-version":[{"id":12192,"href":"https:\/\/sosanimauxfrance.org\/index.php?rest_route=\/wp\/v2\/pages\/11977\/revisions\/12192"}],"wp:attachment":[{"href":"https:\/\/sosanimauxfrance.org\/index.php?rest_route=%2Fwp%2Fv2%2Fmedia&parent=11977"}],"curies":[{"name":"wp","href":"https:\/\/api.w.org\/{rel}","templated":true}]}}