{"id":11966,"date":"2017-02-21T22:49:14","date_gmt":"2017-02-21T21:49:14","guid":{"rendered":"http:\/\/sosanimauxfrance.org\/?page_id=11966"},"modified":"2017-09-14T09:59:08","modified_gmt":"2017-09-14T07:59:08","slug":"un-trafic-illegal-dangereux-inutile-et-absurde","status":"publish","type":"page","link":"https:\/\/sosanimauxfrance.org\/?page_id=11966","title":{"rendered":"Un trafic ill\u00e9gal, dangereux, inutile et absurde"},"content":{"rendered":"<div class=\"fusion-fullwidth fullwidth-box fusion-builder-row-1 hundred-percent-fullwidth non-hundred-percent-height-scrolling\" style=\"--awb-border-radius-top-left:0px;--awb-border-radius-top-right:0px;--awb-border-radius-bottom-right:0px;--awb-border-radius-bottom-left:0px;--awb-overflow:visible;\" ><div class=\"fusion-builder-row fusion-row\"><div class=\"fusion-layout-column fusion_builder_column fusion-builder-column-0 fusion_builder_column_1_1 1_1 fusion-one-full fusion-column-first fusion-column-last fusion-column-no-min-height\" style=\"--awb-bg-size:cover;--awb-margin-top:0px;--awb-margin-bottom:0px;\"><div class=\"fusion-column-wrapper fusion-flex-column-wrapper-legacy\"><div class=\"fusion-text fusion-text-1\"><p><img decoding=\"async\" class=\"alignnone wp-image-12112 size-full\" src=\"\/\/sosanimauxfrance.org\/wp-content\/uploads\/2017\/09\/chiot3.jpg\" alt=\"\" width=\"767\" height=\"511\" srcset=\"https:\/\/sosanimauxfrance.org\/wp-content\/uploads\/2017\/09\/chiot3-200x133.jpg 200w, https:\/\/sosanimauxfrance.org\/wp-content\/uploads\/2017\/09\/chiot3-300x200.jpg 300w, https:\/\/sosanimauxfrance.org\/wp-content\/uploads\/2017\/09\/chiot3-400x266.jpg 400w, https:\/\/sosanimauxfrance.org\/wp-content\/uploads\/2017\/09\/chiot3-600x400.jpg 600w, https:\/\/sosanimauxfrance.org\/wp-content\/uploads\/2017\/09\/chiot3.jpg 767w\" sizes=\"(max-width: 767px) 100vw, 767px\" \/><\/p>\n<\/div><div class=\"fusion-sep-clear\"><\/div><div class=\"fusion-separator fusion-full-width-sep\" style=\"margin-left: auto;margin-right: auto;margin-top:10px;margin-bottom:10px;width:100%;\"><\/div><div class=\"fusion-sep-clear\"><\/div><div class=\"fusion-clearfix\"><\/div><\/div><\/div><div class=\"fusion-layout-column fusion_builder_column fusion-builder-column-1 fusion_builder_column_1_1 1_1 fusion-one-full fusion-column-first fusion-column-last fusion-column-no-min-height\" style=\"--awb-bg-size:cover;--awb-margin-top:0px;--awb-margin-bottom:0px;\"><div class=\"fusion-column-wrapper fusion-flex-column-wrapper-legacy\"><div class=\"fusion-text fusion-text-2\"><p>Depuis la disparition des Etats socialistes d\u2019Europe de l\u2019Est dans les ann\u00e9es 90, le trafic de chiots a explos\u00e9 pour culminer \u00e0 100 000 chiots par an. Mais si la multiplication des actions judiciaires a frein\u00e9 ce trafic, il n\u2019a pas \u00e9t\u00e9 arr\u00eat\u00e9 et reste dangereux car malheureusement les importations sont :<\/p>\n<p><b>1\u00b0) Ill\u00e9gales :<\/b> car les importateurs ne respectent jamais les conditions d\u2019\u00e2ge, de vaccinations et de transport, etc.\u2026<\/p>\n<p><b>2\u00b0) Criminelles :<\/b> car ils provoquent la mort de milliers de chiots par stress, conditions de transport inadmissibles (2 000 \u00e0 4 000 km parcourus en quelques jours sans boire ni manger) et microbisme selon le regrett\u00e9 professeur QUEINEC qui a t\u00e9moign\u00e9 dans l\u2019instruction men\u00e9e par le juge GADAUD du T.G.I. d\u2019Angoul\u00eame : \u00ab Lorsqu\u2019on met une grande collection d\u2019animaux dans un m\u00eame local il se produit un ph\u00e9nom\u00e8ne appel\u00e9 microbisme qui les rend tous malades dans les trois jours\u2026 Ce ph\u00e9nom\u00e8ne est marqu\u00e9 si les chiots ont entre six semaines et deux mois et demi. Plus jeunes, ils seront prot\u00e9g\u00e9s par le s\u00e9rum maternel \u00bb. Ainsi, un seul chiot malade peut contaminer la quasi-totalit\u00e9 des 100 chiots des fourgons concern\u00e9s.<\/p>\n<p><b>3\u00b0) Dangereuses :<\/b> car risque de r\u00e9introduction de la rage toujours pr\u00e9sente en Slovaquie, Slov\u00e9nie, Roumanie, Hongrie, Bulgarie, Pologne, Estonie et Lituanie. Or, les chiots d\u2019Europe de l\u2019Est peuvent \u00eatre vaccin\u00e9s contre la rage trop t\u00f4t (par exemple \u00e0 1 mois) suivant les normes fran\u00e7aises ou pas du tout. Ainsi, le n\u00b02 des importateurs fran\u00e7ais, condamn\u00e9 par le TGI de Saumur en 2010, a d\u00e9clar\u00e9, au cours d\u2019une audition, qu\u2019il collait les vignettes attestant de la vaccination, mais jetait les vaccins consid\u00e9rant que la France \u00e9tait indemne de rage.<\/p>\n<p><b>4\u00b0) Inutiles :<\/b> car il y a un potentiel de reproduction suffisamment important en France.<\/p>\n<p><b>5\u00b0) N\u00e9fastes :<\/b> car ils font une concurrence d\u00e9loyale aux milliers d\u2019\u00e9leveurs s\u00e9rieux. Tol\u00e9rer ces importations ill\u00e9gales revient \u00e0 d\u00e9localiser cette production uniquement pour des raisons de profit.<\/p>\n<p><b>6\u00b0) Incontr\u00f4lables aux fronti\u00e8res :<\/b> car elles ont \u00e9t\u00e9 de fait supprim\u00e9es. Utilisation permanente de faux documents et l\u00e9gislations et r\u00e9glementations inapplicables.<\/p>\n<p><b>7\u00b0) Polluantes :<\/b> car ces milliers de trajets suppl\u00e9mentaires par la route augmentent, sans raison valable, l\u2019effet de serre.<\/p>\n<p><b>8\u00b0) Faciles \u00e0 interdire,<\/b> en particulier en France, car tout importateur ou exportateur d\u2019animaux vivants poss\u00e8de un num\u00e9ro d\u2019op\u00e9rateur enregistr\u00e9 \u00e0 la Direction d\u00e9partementale de protection des populations de son d\u00e9partement. Ces DDPP ont remplac\u00e9 les DSV suite \u00e0 une r\u00e9forme r\u00e9cente.<\/p>\n<p>Finalement il apparait totalement absurde de st\u00e9riliser des chiens alors qu\u2019on laisse entrer ill\u00e9galement chaque ann\u00e9e des dizaines de milliers de chiots, non st\u00e9rilis\u00e9s bien \u00e9videmment. La premi\u00e8re bataille \u00e0 mener serait pour aboutir \u00e0 l\u2019interdiction de ce commerce criminel de chiots. C\u2019est un peu comme si dans une maison o\u00f9 il y a des goutti\u00e8res partout, vous ne vous pr\u00e9occupiez que d\u2019\u00e9ponger les sols humides sans vous pr\u00e9occuper du toit.<\/p>\n<\/div><div class=\"fusion-title title fusion-title-1 fusion-title-text fusion-title-size-two\"><h2 class=\"title-heading-left fusion-responsive-typography-calculated\" style=\"margin:0;--fontSize:25;line-height:1.5;\">R\u00e9fl\u00e9chissons un peu et devenons plus intelligents<\/h2><span class=\"awb-title-spacer\"><\/span><div class=\"title-sep-container\"><div class=\"title-sep sep-double sep-solid\" style=\"border-color:#e0dede;\"><\/div><\/div><\/div><div class=\"fusion-clearfix\"><\/div><\/div><\/div><div class=\"fusion-layout-column fusion_builder_column fusion-builder-column-2 fusion_builder_column_1_1 1_1 fusion-one-full fusion-column-first fusion-column-last fusion-column-no-min-height\" style=\"--awb-bg-size:cover;--awb-margin-top:0px;--awb-margin-bottom:0px;\"><div class=\"fusion-column-wrapper fusion-flex-column-wrapper-legacy\"><div class=\"fusion-text fusion-text-3\"><p>Jugez en vous-m\u00eame \u00e0 travers la description du trafic effectu\u00e9e par des salari\u00e9s d\u2019une entreprise criminelle.<\/p>\n<p>Ainsi, il apparait que les importations pouvaient concerner des chiots \u00e2g\u00e9s de moins de 15 jours qui arrivaient les yeux ferm\u00e9s avec comme cons\u00e9quence\u00a0:<\/p>\n<blockquote>\n<p>\u00ab Certains chiots cherchaient encore \u00e0 t\u00e9ter. Parfois c\u2019\u00e9tait la taille, tout petit, tout petit. Il y avait aussi un autre crit\u00e8re\u00a0: le gros ventre. En fait quand un chiot est petit, sa m\u00e8re lui l\u00e8che le ventre pour ramollir les selles et \u00e9viter les constipations. Dans certains cas nous \u00e9tions<strong> oblig\u00e9es de masser le ventre voire m\u00eame, avec le doigt, d\u2019enlever le bouchon de l\u2019anus.<\/strong> Il est arriv\u00e9 que des Chihuahua et des York arrivent les yeux encore ferm\u00e9s. Il arrivait aussi qu\u2019on soit oblig\u00e9es de nourrir les chiots trop jeunes avec des seringues emplies de lait maternis\u00e9 pour chiots ou alors pr\u00e9parer des gamelles de lait (PV n\u00b081).<\/p>\n<p>Certains n\u2019avaient pas de dents. Certains chiots cherchaient \u00e0 t\u00e9ter la chienne de Monsieur DUPONT, une Jack Russel, quand elle rentrait dans le box. Certains chiots arrivaient avec les yeux ferm\u00e9s. <strong>Monsieur DUPONT (pseudonyme) essayait lui-m\u00eame d\u2019ouvrir les yeux et leur mettait un collyre dans les yeux.<\/strong> Certains avaient le ventre \u00e9norme.\u00a0\u00bb<\/p>\n<\/blockquote>\n<p>Quant aux caudectomies sur les chiots, elles \u00e9taient pratiqu\u00e9es r\u00e9guli\u00e8rement sur des chiots de plus de 3 mois ayant d\u00e9j\u00e0 acquis une sensibilit\u00e9 de la queue, sans anesth\u00e9sie g\u00e9n\u00e9rale, car il y avait eu des d\u00e9c\u00e8s parmi les chiots, donc un risque financier trop important.<\/p>\n<p>Si pour la v\u00e9t\u00e9rinaire les chiots ne souffraient pas durant l\u2019op\u00e9ration, ce n\u2019\u00e9tait pas l\u2019avis des t\u00e9moins salari\u00e9s de l\u2019entreprise\u00a0:<\/p>\n<blockquote>\n<p>\u00ab\u00a0Il pouvait y avoir du sang partout et parfois m\u00eame des bouts de queues coup\u00e9es sur la table. Les chiots hurlaient au moment o\u00f9 elle leur coupait la queue et parfois longtemps apr\u00e8s avoir \u00e9t\u00e9 remis au box (PV n\u00b081).<\/p>\n<p>Elle coupait les queues des Jack Russel et les York dans le bureau un par un. Elle le faisait \u00e0 vif, sans anesth\u00e9sie. Elle faisait les points de suture sur le bureau sans mettre de pansement. Des fois \u00e7a s\u2019infectait. Quand on mangeait, c\u2019est arriv\u00e9 qu\u2019on trouve un bout de queue (PV n\u00b093)\u00a0\u00bb.<\/p>\n<\/blockquote>\n<p>Ce th\u00e8me tr\u00e8s m\u00e9diatis\u00e9 a \u00e9t\u00e9 l\u2019objet de l\u2019\u00e9mission \u00ab Enqu\u00eate exclusive : sur M6 le 19 octobre 2014 pr\u00e9sent\u00e9 par Bernard DE LA VILLARDIERE avec un certain talent. Des moyens importants ont \u00e9t\u00e9 mis en \u0153uvre avec des tournages en France, en Belgique et en Hongrie et la description de chiots trop jeunes, malades et avec de faux papiers officiels a \u00e9t\u00e9 excellente.<\/p>\n<p>Sauf que l\u2019auditeur n\u2019a pas appris que les commer\u00e7ants mis en cause \u00e9taient des OPERATEURS selon le terme officiel cr\u00e9\u00e9 par le Minist\u00e8re de l\u2019Agriculture, c\u2019est-\u00e0-dire qu\u2019ils disposaient d\u2019une autorisation officielle d\u2019importer des chiots de l\u2019\u00e9tranger avec un num\u00e9ro qui leur a \u00e9t\u00e9 attribu\u00e9. C\u2019est-\u00e0-dire l\u2019\u00e9quivalent d\u2019un permis de conduire en mati\u00e8re de circulation routi\u00e8re.<\/p>\n<p>C\u2019est l\u2019\u00e9l\u00e9ment cl\u00e9 qui a pu expliquer que Francis Duprat ait pu importer pr\u00e8s de 50 000 chiots par an en 1999.<\/p>\n<p>Mais ce type de document a \u00e9t\u00e9 totalement occult\u00e9 et pas montr\u00e9 bien \u00e9videmment \u00e0 l\u2019antenne. Car n\u2019en d\u00e9plaise aux nombreux ignorants la l\u00e9gislation et la r\u00e9glementation sont parfaites en la mati\u00e8re. Tout est pr\u00e9vu et contenu dans la note de service de la DGAL en date du 04 f\u00e9vrier 2002 (Voir livre ARRETEZ LE MASSACRE pages 197 \u00e0 204).<\/p>\n<p>Les deux paragraphes, page 201, sont particuli\u00e8rement explicites et ne souffrent aucune contestation :<\/p>\n<blockquote>\n<p>\u00ab En ce qui concerne les sanctions administratives ou p\u00e9nales susceptibles d\u2019\u00eatre appliqu\u00e9es aux responsables d\u2019\u00e9tablissements concern\u00e9s, je vous rappelle que les dispositions tr\u00e8s larges des articles L.215-9 et L.215-10 du code rural permettent de contr\u00f4ler et \u00e9ventuellement de mettre fin aux pratiques non satisfaisantes au regard de la r\u00e9glementation dans un \u00e9tablissement.<br \/>\nCet outil juridique, bien utilis\u00e9, peut \u00eatre particuli\u00e8rement efficace pour supprimer les trafics d\u2019animaux de compagnie. Dans ce contexte vous pourrez \u00e9galement retirer le certificat de capacit\u00e9 du d\u00e9tenteur, soit apr\u00e8s mise en demeure du respect de la l\u00e9gislation, soit si les faits sont particuli\u00e8rement graves pour la protection animale, imm\u00e9diatement. \u00bb<\/p>\n<\/blockquote>\n<p>Tr\u00e8s clairement, un op\u00e9rateur qui est mis en examen par la justice et \u00e0 fortiori condamn\u00e9 comme Duprat, aurait d\u00fb se voir retirer sa qualit\u00e9 d\u2019OPERATEUR depuis longtemps.<\/p>\n<p>Or, non seulement il a \u00e9t\u00e9 condamn\u00e9 par le TGI d\u2019Angoul\u00eame en 2003 \u00e0 six mois de prison avec sursis, mais il poursuit ses activit\u00e9s sous l\u2019\u0153il bienveillant des autorit\u00e9s fran\u00e7aises, en l\u2019occurrence le Minist\u00e8re de l\u2019Agriculture.<\/p>\n<p>C\u2019est exactement comme si un chauffeur ayant perdu tous ses points conservait malgr\u00e9 tout son permis. C\u2019EST SCANDALEUX !<\/p>\n<p>En clair, le Minist\u00e8re de l\u2019Agriculture a totalement renonc\u00e9 dans les faits \u00e0 retirer la qualit\u00e9 d\u2019OPERATEUR aux trafiquants.<\/p>\n<p><b>Dans \u00ab Enqu\u00eate exclusive \u00bb pas un mot sur ce point crucial : black-out complet.<\/b><\/p>\n<p>Conclusion : <b>il faut r\u00e9fl\u00e9chir et devenir plus intelligents et moins ignorants.<\/b><\/p>\n<\/div><div class=\"fusion-alignright\"><a class=\"fusion-button button-flat fusion-button-default-size button-default fusion-button-default button-1 fusion-button-default-span fusion-button-default-type\" target=\"_self\" href=\"\/\/sosanimauxfrance.org\/?page_id=11983\"><span class=\"fusion-button-text fusion-button-text-right\">Lire la suite \u00ab\u00a0Des fourri\u00e8res tr\u00e8s opaques\u00a0\u00bb<\/span><span class=\"fusion-button-icon-divider button-icon-divider-right\"><i class=\" fa fa-chevron-right\" aria-hidden=\"true\"><\/i><\/span><\/a><\/div><div class=\"fusion-clearfix\"><\/div><\/div><\/div><\/div><\/div>\n","protected":false},"excerpt":{"rendered":"","protected":false},"author":1,"featured_media":0,"parent":11977,"menu_order":20,"comment_status":"closed","ping_status":"closed","template":"side-navigation.php","meta":{"footnotes":""},"class_list":["post-11966","page","type-page","status-publish","hentry"],"_links":{"self":[{"href":"https:\/\/sosanimauxfrance.org\/index.php?rest_route=\/wp\/v2\/pages\/11966","targetHints":{"allow":["GET"]}}],"collection":[{"href":"https:\/\/sosanimauxfrance.org\/index.php?rest_route=\/wp\/v2\/pages"}],"about":[{"href":"https:\/\/sosanimauxfrance.org\/index.php?rest_route=\/wp\/v2\/types\/page"}],"author":[{"embeddable":true,"href":"https:\/\/sosanimauxfrance.org\/index.php?rest_route=\/wp\/v2\/users\/1"}],"replies":[{"embeddable":true,"href":"https:\/\/sosanimauxfrance.org\/index.php?rest_route=%2Fwp%2Fv2%2Fcomments&post=11966"}],"version-history":[{"count":11,"href":"https:\/\/sosanimauxfrance.org\/index.php?rest_route=\/wp\/v2\/pages\/11966\/revisions"}],"predecessor-version":[{"id":12150,"href":"https:\/\/sosanimauxfrance.org\/index.php?rest_route=\/wp\/v2\/pages\/11966\/revisions\/12150"}],"up":[{"embeddable":true,"href":"https:\/\/sosanimauxfrance.org\/index.php?rest_route=\/wp\/v2\/pages\/11977"}],"wp:attachment":[{"href":"https:\/\/sosanimauxfrance.org\/index.php?rest_route=%2Fwp%2Fv2%2Fmedia&parent=11966"}],"curies":[{"name":"wp","href":"https:\/\/api.w.org\/{rel}","templated":true}]}}