{"id":11803,"date":"2017-02-21T21:39:30","date_gmt":"2017-02-21T20:39:30","guid":{"rendered":"http:\/\/sosanimauxfrance.org\/?page_id=11803"},"modified":"2017-09-14T09:48:32","modified_gmt":"2017-09-14T07:48:32","slug":"stop-a-lignorance-oui-a-la-transparence","status":"publish","type":"page","link":"https:\/\/sosanimauxfrance.org\/?page_id=11803","title":{"rendered":"STOP \u00e0 l&rsquo;ignorance, OUI \u00e0 la transparence"},"content":{"rendered":"<div class=\"fusion-fullwidth fullwidth-box fusion-builder-row-1 hundred-percent-fullwidth non-hundred-percent-height-scrolling\" style=\"--awb-border-radius-top-left:0px;--awb-border-radius-top-right:0px;--awb-border-radius-bottom-right:0px;--awb-border-radius-bottom-left:0px;--awb-overflow:visible;\" ><div class=\"fusion-builder-row fusion-row\"><div class=\"fusion-layout-column fusion_builder_column fusion-builder-column-0 fusion_builder_column_1_1 1_1 fusion-one-full fusion-column-first fusion-column-last fusion-column-no-min-height\" style=\"--awb-bg-size:cover;--awb-margin-top:0px;--awb-margin-bottom:0px;\"><div class=\"fusion-column-wrapper fusion-flex-column-wrapper-legacy\"><div class=\"fusion-text fusion-text-1\"><p><img decoding=\"async\" class=\"alignnone wp-image-12109 size-full\" src=\"\/\/sosanimauxfrance.org\/wp-content\/uploads\/2017\/09\/chats.jpg\" alt=\"\" width=\"767\" height=\"468\" srcset=\"https:\/\/sosanimauxfrance.org\/wp-content\/uploads\/2017\/09\/chats-200x122.jpg 200w, https:\/\/sosanimauxfrance.org\/wp-content\/uploads\/2017\/09\/chats-300x183.jpg 300w, https:\/\/sosanimauxfrance.org\/wp-content\/uploads\/2017\/09\/chats-400x244.jpg 400w, https:\/\/sosanimauxfrance.org\/wp-content\/uploads\/2017\/09\/chats-600x366.jpg 600w, https:\/\/sosanimauxfrance.org\/wp-content\/uploads\/2017\/09\/chats.jpg 767w\" sizes=\"(max-width: 767px) 100vw, 767px\" \/><\/p>\n<\/div><div class=\"fusion-sep-clear\"><\/div><div class=\"fusion-separator fusion-full-width-sep\" style=\"margin-left: auto;margin-right: auto;margin-top:10px;margin-bottom:10px;width:100%;\"><\/div><div class=\"fusion-sep-clear\"><\/div><div class=\"fusion-clearfix\"><\/div><\/div><\/div><div class=\"fusion-layout-column fusion_builder_column fusion-builder-column-1 fusion_builder_column_1_1 1_1 fusion-one-full fusion-column-first fusion-column-last fusion-column-no-min-height\" style=\"--awb-bg-size:cover;--awb-margin-top:0px;--awb-margin-bottom:0px;\"><div class=\"fusion-column-wrapper fusion-flex-column-wrapper-legacy\"><div class=\"fusion-title title fusion-title-1 fusion-title-text fusion-title-size-two\"><h2 class=\"title-heading-left fusion-responsive-typography-calculated\" style=\"margin:0;--fontSize:25;line-height:1.5;\">Stop \u00e0 l\u2019ignorance : oui \u00e0 la transparence<\/h2><span class=\"awb-title-spacer\"><\/span><div class=\"title-sep-container\"><div class=\"title-sep sep-double sep-solid\" style=\"border-color:#e0dede;\"><\/div><\/div><\/div><div class=\"fusion-clearfix\"><\/div><\/div><\/div><div class=\"fusion-layout-column fusion_builder_column fusion-builder-column-2 fusion_builder_column_1_1 1_1 fusion-one-full fusion-column-first fusion-column-last fusion-column-no-min-height\" style=\"--awb-bg-size:cover;--awb-margin-top:0px;--awb-margin-bottom:0px;\"><div class=\"fusion-column-wrapper fusion-flex-column-wrapper-legacy\"><div class=\"fusion-text fusion-text-2\"><p>Le 21<sup>\u00e8me<\/sup> si\u00e8cle est marqu\u00e9 par la mondialisation de l\u2019\u00e9conomie, la complexit\u00e9 des m\u00e9canismes \u00e9chappant totalement au citoyen ordinaire, les imbrications entre trafics, escroqueries, administration de l\u2019ETAT et pouvoir politique utilisant largement <b>les carences de la justice paralys\u00e9e par le manque de moyens mais \u00e9galement infiltr\u00e9e par divers lobbies sinon par des r\u00e9seaux mafieux.<\/b><\/p>\n<p>Tous ces obstacles expliquent les difficult\u00e9s colossales rencontr\u00e9es pour endiguer ou tenter d\u2019\u00e9radiquer les trafics et les d\u00e9tournements divers.<\/p>\n<p>Car il est bien \u00e9vident que quand, en plus, <b>des escrocs ont infiltr\u00e9 des fondations de protection animale, la t\u00e2che devient quasiment impossible.<\/b><\/p>\n<p>Certes ces A.R.U.P. (Associations Reconnues d\u2019Utilit\u00e9 Publique) font semblant de remplir leur mission mais elles ne peuvent en aucun cas participer r\u00e9ellement \u00e0 une lutte efficace contre les trafics car elles ne s\u2019attachent pas aux m\u00e9canismes r\u00e9els mis en place.<\/p>\n<p>La m\u00e9diatisation actuelle \u2013 malgr\u00e9 les apparences \u2013 est le reflet de cette situation car trop souvent l\u2019objectif est l\u2019audimat, donc le sensationnel.<\/p>\n<p>Ainsi la r\u00e9alit\u00e9 profonde est perdue de vue pour d\u00e9noncer seulement les ph\u00e9nom\u00e8nes visibles sans se donner les moyens d\u2019en rechercher les origines profondes.<\/p>\n<\/div><div class=\"fusion-title title fusion-title-2 fusion-title-text fusion-title-size-two\"><h2 class=\"title-heading-left fusion-responsive-typography-calculated\" style=\"margin:0;--fontSize:25;line-height:1.5;\">Le nouveau \u00ab MAL DU SI\u00c8CLE \u00bb<\/h2><span class=\"awb-title-spacer\"><\/span><div class=\"title-sep-container\"><div class=\"title-sep sep-double sep-solid\" style=\"border-color:#e0dede;\"><\/div><\/div><\/div><div class=\"fusion-text fusion-text-3\"><p>Gr\u00e2ce \u00e0 l\u2019action de L214 et de multiples reportages, les t\u00e9l\u00e9spectateurs ont d\u00e9couvert les conditions scandaleuses de mise \u00e0 mort des animaux dans les abattoirs fran\u00e7ais. Gr\u00e2ce \u00e0 une loi vot\u00e9e par le Parlement, des cam\u00e9ras de surveillance devraient \u00eatre install\u00e9es \u00e0 partir de janvier 2018.<\/p>\n<p>Malheureusement si les 2\/3 des m\u00e9nages poss\u00e8dent un animal de compagnie et si 20 millions de chats et de chiens vivent sur le territoire fran\u00e7ais, leurs conditions de vie laissent trop souvent \u00e0 d\u00e9sirer car ils sont victimes de vols, de trafics en tous genre et de maltraitance.<\/p>\n<p>Au 21<sup>\u00e8me<\/sup> si\u00e8cle, malgr\u00e9 le d\u00e9veloppement sans pr\u00e9c\u00e9dent des moyens de communication, <b>l\u2019opacit\u00e9 est la r\u00e8gle car il y a une collusion sans pr\u00e9c\u00e9dent entre les trafiquants, de hauts fonctionnaires de l\u2019Etat et un certain nombre d\u2019associations de protection animale<\/b> pour entretenir une opacit\u00e9 favorable \u00e0 tous ces trafics et \u00e0 tous les d\u00e9tournements.<\/p>\n<p>En effet, qui, parmi vous, conna\u00eet :<\/p>\n<ol>\n<li><u><b>LES LABORATOIRES D\u2019EXPERIMENTATION :<\/b><\/u>\n<ol>\n<li>Le nombre de laboratoires autoris\u00e9s \u00e0 exp\u00e9rimenter sur les chats et les chiens comme Servier rendu tristement c\u00e9l\u00e8bre par les milliers de morts du Mediator.<\/li>\n<li>Le nombre de chiens utilis\u00e9s par les centres d\u2019exp\u00e9rimentation ?<\/li>\n<li>Le nombre de chats utilis\u00e9s par les centres d\u2019exp\u00e9rimentation ?<\/li>\n<li>L\u2019origine des chiens et des chats utilis\u00e9s ?<\/li>\n<\/ol>\n<\/li>\n<li><u><b>LES IMPORTATIONS ILLEGALES :<\/b><\/u>\n<ol>\n<li>Le nombre d\u2019op\u00e9rateurs en France ? (op\u00e9rateur : terme technique d\u00e9signant les entreprises autoris\u00e9es \u00e0 faire du commerce international).<\/li>\n<li>Le nombre de chiens et de chats import\u00e9s chaque ann\u00e9e. De quels pays ?<\/li>\n<li>Le nombre de d\u00e9c\u00e8s ? <small>(Note : tous ces chiffres doivent \u00eatre communiqu\u00e9s chaque ann\u00e9e \u00e0 l\u2019administration concern\u00e9e. Donc il suffit \u00e0 l\u2019administration centrale d\u2019additionner toutes ces informations)<\/small><\/li>\n<\/ol>\n<\/li>\n<li><span style=\"text-decoration: underline;\"><strong>LES EXPORTATIONS ILL\u00c9GALES VERS L\u2019ALLEMAGNE<\/strong><\/span>\n<ol>\n<li>Nom des associations impliqu\u00e9es<\/li>\n<li>Nombre de chiens concern\u00e9s<\/li>\n<li>Destination r\u00e9elle de ces chiens (notamment Balouk \u2013 23 ans)<\/li>\n<\/ol>\n<\/li>\n<li><u><b>LES FOURRIERES :<\/b><\/u>\n<ol>\n<li>Le nombre de fourri\u00e8res existant en France (300, 400, 500 ?)<\/li>\n<li>Le nombre de chiens ou de chats accueillis, restitu\u00e9s \u00e0 leurs propri\u00e9taires ou euthanasi\u00e9s ?<\/li>\n<\/ol>\n<\/li>\n<li><u><b>LES DETOURNEMENTS DE FONDS DE LA SPA :<\/b><\/u>\n<ol>\n<li>O\u00f9 sont pass\u00e9s les dizaines de millions d\u2019euros d\u00e9tourn\u00e9s au d\u00e9triment de la SPA du Boulevard Berthier au 21<sup>\u00e8me<\/sup> si\u00e8cle ?<\/li>\n<li>Que deviennent les multiples plaintes d\u00e9pos\u00e9es par la VASPA ou des adh\u00e9rents de la SPA ?<\/li>\n<\/ol>\n<\/li>\n<\/ol>\n<p><b>A priori, personne.<\/b><\/p>\n<p>Donc, depuis quelques d\u00e9cennies, nous vivons dans une ignorance g\u00e9n\u00e9ralis\u00e9e. Mais le plus inqui\u00e9tant c\u2019est que cette ignorance et cette opacit\u00e9 sont soigneusement entretenues.<\/p>\n<p>Au 19<sup>\u00e8me<\/sup> si\u00e8cle, quand des \u00e2mes sensibles se sont inqui\u00e9t\u00e9es de la souffrance animale, c\u2019\u00e9tait parce qu\u2019elle \u00e9tait particuli\u00e8rement visible aux yeux de tous. Au 21<sup>\u00e8me<\/sup> si\u00e8cle, personne \u2013 \u00e0 part ceux qui y travaillent \u2013 ne sait ce qui se passe dans les labos ni ne conna\u00eet r\u00e9ellement le taux de mortalit\u00e9 des chiots import\u00e9s ill\u00e9galement d\u2019Europe de l\u2019Est.<\/p>\n<p>Donc il faudrait changer totalement de logiciel et <b>passer de l\u2019opacit\u00e9 et l\u2019ignorance \u00e0 une soif de connaissance. <\/b>En aucun cas une v\u00e9ritable protection animale ne peut \u00eatre fond\u00e9e sur l\u2019ignorance. Les progr\u00e8s en mati\u00e8re de protection animale passent n\u00e9cessairement par des progr\u00e8s au niveau de la connaissance. La premi\u00e8re bataille \u00e0 mener imm\u00e9diatement, c\u2019est <b>cette bataille de la transparence qui concerne chacun d\u2019entre nous.<\/b> Il faut d\u00e8s maintenant r\u00e9clamer de l\u2019information partout, dans tous les domaines, et <b>ne plus financer des associations dirig\u00e9es par des escrocs sous l\u2019\u0153il bienveillant des pouvoirs publics.<\/b><\/p>\n<\/div><div class=\"fusion-title title fusion-title-3 fusion-title-text fusion-title-size-two\"><h2 class=\"title-heading-left fusion-responsive-typography-calculated\" style=\"margin:0;--fontSize:25;line-height:1.5;\">Synth\u00e8se de la situation en 2017<\/h2><span class=\"awb-title-spacer\"><\/span><div class=\"title-sep-container\"><div class=\"title-sep sep-double sep-solid\" style=\"border-color:#e0dede;\"><\/div><\/div><\/div>\n<div class=\"table-1\">\n<table width=\"100%\">\n<tbody>\n<tr>\n<td align=\"left\">1<\/td>\n<td align=\"left\">Approvisionnement des labos en chiens et chats<\/td>\n<td align=\"left\">Minist\u00e8re de l\u2019Agriculture totalement ignorant<\/td>\n<\/tr>\n<tr>\n<td align=\"left\">2<\/td>\n<td align=\"left\">Importations ill\u00e9gales de chiots d\u2019Europe de l\u2019Est<\/td>\n<td align=\"left\">Minist\u00e8re de l\u2019Agriculture totalement ignorant<\/td>\n<\/tr>\n<tr>\n<td align=\"left\">3<\/td>\n<td align=\"left\">Exportations ill\u00e9gales de chiens adultes vers l\u2019Allemagne<\/td>\n<td align=\"left\">Minist\u00e8re de l\u2019Agriculture totalement ignorant<\/td>\n<\/tr>\n<tr>\n<td align=\"left\">4<\/td>\n<td align=\"left\">Fourri\u00e8res en France<\/td>\n<td align=\"left\">Minist\u00e8re de l\u2019Agriculture totalement ignorant<\/td>\n<\/tr>\n<tr>\n<td align=\"left\">5<\/td>\n<td align=\"left\">Escroqueries aux legs dont a \u00e9t\u00e9 victime la SPA (20 millions d\u2019euros d\u00e9tourn\u00e9s)<\/td>\n<td align=\"left\">Minist\u00e8re de la Justice et Cour des comptes totalement ignorants<\/td>\n<\/tr>\n<\/tbody>\n<\/table>\n<\/div>\n<div class=\"fusion-alignright\"><a class=\"fusion-button button-flat fusion-button-default-size button-default fusion-button-default button-1 fusion-button-default-span fusion-button-default-type\" target=\"_self\" href=\"\/\/sosanimauxfrance.org\/?page_id=11955\"><span class=\"fusion-button-text fusion-button-text-right\">Lire la suite \u00ab\u00a0Le vol des chiens et des chats en France et ses mystifications\u00a0\u00bb<\/span><span class=\"fusion-button-icon-divider button-icon-divider-right\"><i class=\" fa fa-chevron-right\" aria-hidden=\"true\"><\/i><\/span><\/a><\/div><div class=\"fusion-clearfix\"><\/div><\/div><\/div><\/div><\/div>\n","protected":false},"excerpt":{"rendered":"","protected":false},"author":1,"featured_media":0,"parent":11977,"menu_order":10,"comment_status":"closed","ping_status":"closed","template":"side-navigation.php","meta":{"footnotes":""},"class_list":["post-11803","page","type-page","status-publish","hentry"],"_links":{"self":[{"href":"https:\/\/sosanimauxfrance.org\/index.php?rest_route=\/wp\/v2\/pages\/11803","targetHints":{"allow":["GET"]}}],"collection":[{"href":"https:\/\/sosanimauxfrance.org\/index.php?rest_route=\/wp\/v2\/pages"}],"about":[{"href":"https:\/\/sosanimauxfrance.org\/index.php?rest_route=\/wp\/v2\/types\/page"}],"author":[{"embeddable":true,"href":"https:\/\/sosanimauxfrance.org\/index.php?rest_route=\/wp\/v2\/users\/1"}],"replies":[{"embeddable":true,"href":"https:\/\/sosanimauxfrance.org\/index.php?rest_route=%2Fwp%2Fv2%2Fcomments&post=11803"}],"version-history":[{"count":19,"href":"https:\/\/sosanimauxfrance.org\/index.php?rest_route=\/wp\/v2\/pages\/11803\/revisions"}],"predecessor-version":[{"id":12141,"href":"https:\/\/sosanimauxfrance.org\/index.php?rest_route=\/wp\/v2\/pages\/11803\/revisions\/12141"}],"up":[{"embeddable":true,"href":"https:\/\/sosanimauxfrance.org\/index.php?rest_route=\/wp\/v2\/pages\/11977"}],"wp:attachment":[{"href":"https:\/\/sosanimauxfrance.org\/index.php?rest_route=%2Fwp%2Fv2%2Fmedia&parent=11803"}],"curies":[{"name":"wp","href":"https:\/\/api.w.org\/{rel}","templated":true}]}}