{"id":10709,"date":"2014-11-19T15:14:03","date_gmt":"2014-11-19T14:14:03","guid":{"rendered":"http:\/\/avada.theme-fusion.comxml\/?page_id=10709"},"modified":"2017-10-01T21:19:03","modified_gmt":"2017-10-01T19:19:03","slug":"accueil","status":"publish","type":"page","link":"https:\/\/sosanimauxfrance.org\/","title":{"rendered":"Accueil"},"content":{"rendered":"<p><div class=\"fusion-fullwidth fullwidth-box fusion-builder-row-1 fusion-parallax-none hundred-percent-fullwidth non-hundred-percent-height-scrolling\" style=\"--awb-background-position:center top;--awb-border-radius-top-left:0px;--awb-border-radius-top-right:0px;--awb-border-radius-bottom-right:0px;--awb-border-radius-bottom-left:0px;--awb-padding-top:70px;--awb-padding-right:0px;--awb-padding-bottom:70px;--awb-padding-left:0px;--awb-background-image:url(&quot;\/\/sosanimauxfrance.org\/wp-content\/uploads\/2017\/09\/bandeau.jpg&quot;);--awb-background-size:cover;--awb-border-sizes-top:0px;--awb-border-sizes-bottom:0px;\" id=\"home-slider\" ><div class=\"fusion-builder-row fusion-row\"><div class=\"fusion-layout-column fusion_builder_column fusion-builder-column-0 fusion_builder_column_1_1 1_1 fusion-one-full fusion-column-first fusion-column-last fusion-column-no-min-height\" style=\"--awb-padding-top:80px;--awb-padding-bottom:80px;--awb-bg-position:center top;--awb-bg-size:cover;--awb-margin-top:0px;--awb-margin-bottom:0px;\"><div class=\"fusion-column-wrapper fusion-flex-column-wrapper-legacy\"><div class=\"fusion-column-content-centered\"><div class=\"fusion-column-content\"><div class=\"fusion-sep-clear\"><\/div><div class=\"fusion-separator fusion-full-width-sep\" style=\"margin-left: auto;margin-right: auto;margin-top:-10px;margin-bottom:-10px;width:100%;\"><\/div><div class=\"fusion-sep-clear\"><\/div><\/div><\/div><div class=\"fusion-clearfix\"><\/div><\/div><\/div><\/div><\/div><div class=\"fusion-fullwidth fullwidth-box fusion-builder-row-2 nonhundred-percent-fullwidth non-hundred-percent-height-scrolling\" style=\"--awb-background-position:left top;--awb-border-radius-top-left:0px;--awb-border-radius-top-right:0px;--awb-border-radius-bottom-right:0px;--awb-border-radius-bottom-left:0px;--awb-padding-top:60px;--awb-padding-right:0px;--awb-padding-bottom:0px;--awb-padding-left:0px;--awb-border-sizes-top:0px;--awb-border-sizes-bottom:0px;\" ><div class=\"fusion-builder-row fusion-row\"><div class=\"fusion-layout-column fusion_builder_column fusion-builder-column-1 fusion_builder_column_2_3 2_3 fusion-two-third fusion-column-first\" style=\"--awb-bg-size:cover;width:66.666666666667%;width:calc(66.666666666667% - ( ( 4% ) * 0.66666666666667 ) );margin-right: 4%;\"><div class=\"fusion-column-wrapper fusion-flex-column-wrapper-legacy\"><div class=\"fusion-text fusion-text-1\"><p>Ce nouveau site mis en place en 2017 part de la r\u00e9alit\u00e9 et d\u2019un constat tr\u00e8s s\u00e9v\u00e8re : il est n\u00e9cessaire et urgent de repenser la protection animale en France fond\u00e9e jusqu\u2019ici sur <b>l\u2019opacit\u00e9 des associations et l\u2019ignorance des m\u00e9canismes<\/b> \u00e9l\u00e9mentaires concernant les vols, les trafics et les d\u00e9tournements de fonds.<\/p>\n<p>D\u00e8s maintenant vous entrez sur un site tr\u00e8s original car c\u2019est le <b>premier site fran\u00e7ais<\/b> <b>d\u00e9di\u00e9<\/b> \u00e0 la fois \u00e0 la protection des animaux de compagnie, mais \u00e9galement <b>\u00e0 la lutte contre tous les escrocs<\/b> ayant infiltr\u00e9 les associations et les fondations. Car non seulement les animaux sont trop souvent martyris\u00e9s, mais en plus des escrocs volent l\u2019argent destin\u00e9 \u00e0 leur protection, profitant de l\u2019ignorance des adh\u00e9rents : un scandale de plus ! Un scandale de trop ! Escrocs plus habiles les uns que les autres, b\u00e9n\u00e9ficiant \u00e9galement de <b>la corruption d&rsquo;une partie de la haute administration fran\u00e7aise.<\/b><\/p>\n<\/div><div class=\"fusion-button-wrapper\"><a class=\"fusion-button button-flat fusion-button-default-size button-default fusion-button-default button-1 fusion-button-default-span fusion-button-default-type fusion-animated\" data-animationType=\"bounceInLeft\" data-animationDuration=\"0.3\" data-animationOffset=\"top-into-view\" target=\"_self\" href=\"\/\/sosanimauxfrance.org\/?page_id=11803\" id=\"home-read-next-button\"><span class=\"fusion-button-text fusion-button-text-right\">Lire la suite&#8230;<\/span><span class=\"fusion-button-icon-divider button-icon-divider-right\"><i class=\" fa fa-chevron-right\" aria-hidden=\"true\"><\/i><\/span><\/a><\/div><div class=\"fusion-clearfix\"><\/div><\/div><\/div><div class=\"fusion-layout-column fusion_builder_column fusion-builder-column-2 fusion_builder_column_1_3 1_3 fusion-one-third fusion-column-last fusion-animated\" style=\"--awb-bg-color:#a02020;--awb-bg-size:cover;width:33.333333333333%;width:calc(33.333333333333% - ( ( 4% ) * 0.33333333333333 ) );\" data-animationType=\"slideInRight\" data-animationDuration=\"0.3\" data-animationOffset=\"top-into-view\"><div class=\"fusion-column-wrapper fusion-flex-column-wrapper-legacy\"><div class=\"fusion-widget-area awb-widget-area-element fusion-widget-area-1 fusion-content-widget-area\" style=\"--awb-title-size:14px;--awb-background-color:#933838;--awb-title-color:#333333;--awb-padding:20px 20px 20px 20px;\" id=\"newsletter-quickbox\"><div id=\"newsletterwidgetminimal-3\" class=\"widget widget_newsletterwidgetminimal\"><div class=\"heading\"><h4 class=\"widget-title\">Restez inform\u00e9 !<\/h4><\/div><div class=\"tnp tnp-widget-minimal\"><form class=\"tnp-form\" action=\"https:\/\/sosanimauxfrance.org\/wp-admin\/admin-ajax.php?action=tnp&na=s\" method=\"post\"><input type=\"hidden\" name=\"nr\" value=\"widget-minimal\"\/><input class=\"tnp-email\" type=\"email\" required name=\"ne\" value=\"\" placeholder=\"E-mail\"><input class=\"tnp-submit\" type=\"submit\" value=\"Je m&#039;inscris \u00e0 la newsletter\"><\/form><\/div><\/div><div class=\"fusion-additional-widget-content\"><\/div><\/div><div class=\"fusion-clearfix\"><\/div><\/div><\/div><\/div><\/div><\/p>\n","protected":false},"excerpt":{"rendered":"","protected":false},"author":1,"featured_media":0,"parent":0,"menu_order":0,"comment_status":"closed","ping_status":"closed","template":"100-width.php","meta":{"footnotes":""},"class_list":["post-10709","page","type-page","status-publish","hentry"],"_links":{"self":[{"href":"https:\/\/sosanimauxfrance.org\/index.php?rest_route=\/wp\/v2\/pages\/10709","targetHints":{"allow":["GET"]}}],"collection":[{"href":"https:\/\/sosanimauxfrance.org\/index.php?rest_route=\/wp\/v2\/pages"}],"about":[{"href":"https:\/\/sosanimauxfrance.org\/index.php?rest_route=\/wp\/v2\/types\/page"}],"author":[{"embeddable":true,"href":"https:\/\/sosanimauxfrance.org\/index.php?rest_route=\/wp\/v2\/users\/1"}],"replies":[{"embeddable":true,"href":"https:\/\/sosanimauxfrance.org\/index.php?rest_route=%2Fwp%2Fv2%2Fcomments&post=10709"}],"version-history":[{"count":35,"href":"https:\/\/sosanimauxfrance.org\/index.php?rest_route=\/wp\/v2\/pages\/10709\/revisions"}],"predecessor-version":[{"id":12190,"href":"https:\/\/sosanimauxfrance.org\/index.php?rest_route=\/wp\/v2\/pages\/10709\/revisions\/12190"}],"wp:attachment":[{"href":"https:\/\/sosanimauxfrance.org\/index.php?rest_route=%2Fwp%2Fv2%2Fmedia&parent=10709"}],"curies":[{"name":"wp","href":"https:\/\/api.w.org\/{rel}","templated":true}]}}